{"id":11863,"date":"2025-04-10T11:09:05","date_gmt":"2025-04-10T09:09:05","guid":{"rendered":"https:\/\/lesmoles.com\/restaurant-2\/menus\/menu-terra-incognita\/"},"modified":"2026-04-17T19:03:35","modified_gmt":"2026-04-17T17:03:35","slug":"menu-terra-incognita","status":"publish","type":"page","link":"https:\/\/lesmoles.com\/es\/restaurant-2\/menus\/menu-terra-incognita\/","title":{"rendered":"Men\u00fa 4"},"content":{"rendered":"\t\t<div data-elementor-type=\"wp-page\" data-elementor-id=\"11863\" class=\"elementor elementor-11863 elementor-11833\" data-elementor-post-type=\"page\">\n\t\t\t\t\t\t<section class=\"elementor-section elementor-top-section elementor-element elementor-element-860cbbe elementor-section-full_width elementor-section-height-min-height elementor-section-height-default elementor-section-items-middle\" data-id=\"860cbbe\" data-element_type=\"section\">\n\t\t\t\t\t\t<div class=\"elementor-container elementor-column-gap-no\">\n\t\t\t\t\t<div class=\"elementor-column elementor-col-100 elementor-top-column elementor-element elementor-element-2045c9b\" data-id=\"2045c9b\" data-element_type=\"column\">\n\t\t\t<div class=\"elementor-widget-wrap elementor-element-populated\">\n\t\t\t\t\t\t<div class=\"elementor-element elementor-element-f823339 elementor-widget elementor-widget-image\" data-id=\"f823339\" data-element_type=\"widget\" data-widget_type=\"image.default\">\n\t\t\t\t<div class=\"elementor-widget-container\">\n\t\t\t\t\t\t\t\t\t\t\t\t\t\t\t<img fetchpriority=\"high\" decoding=\"async\" width=\"2560\" height=\"2048\" src=\"https:\/\/lesmoles.com\/wp-content\/uploads\/2026\/04\/brasa-wagyu-scaled.jpg\" class=\"attachment-full size-full wp-image-13169\" alt=\"\" srcset=\"https:\/\/lesmoles.com\/wp-content\/uploads\/2026\/04\/brasa-wagyu-scaled.jpg 2560w, https:\/\/lesmoles.com\/wp-content\/uploads\/2026\/04\/brasa-wagyu-300x240.jpg 300w, https:\/\/lesmoles.com\/wp-content\/uploads\/2026\/04\/brasa-wagyu-1024x819.jpg 1024w, https:\/\/lesmoles.com\/wp-content\/uploads\/2026\/04\/brasa-wagyu-768x614.jpg 768w, https:\/\/lesmoles.com\/wp-content\/uploads\/2026\/04\/brasa-wagyu-1536x1229.jpg 1536w, https:\/\/lesmoles.com\/wp-content\/uploads\/2026\/04\/brasa-wagyu-2048x1638.jpg 2048w, https:\/\/lesmoles.com\/wp-content\/uploads\/2026\/04\/brasa-wagyu-600x480.jpg 600w\" sizes=\"(max-width: 2560px) 100vw, 2560px\" \/>\t\t\t\t\t\t\t\t\t\t\t\t\t\t\t<\/div>\n\t\t\t\t<\/div>\n\t\t\t\t\t<\/div>\n\t\t<\/div>\n\t\t\t\t\t<\/div>\n\t\t<\/section>\n\t\t\t\t<section class=\"elementor-section elementor-top-section elementor-element elementor-element-b68755e elementor-section-boxed elementor-section-height-default elementor-section-height-default\" data-id=\"b68755e\" data-element_type=\"section\">\n\t\t\t\t\t\t<div class=\"elementor-container elementor-column-gap-default\">\n\t\t\t\t\t<div class=\"elementor-column elementor-col-100 elementor-top-column elementor-element elementor-element-2a3f017 menu\" data-id=\"2a3f017\" data-element_type=\"column\" data-settings=\"{&quot;background_background&quot;:&quot;classic&quot;}\">\n\t\t\t<div class=\"elementor-widget-wrap elementor-element-populated\">\n\t\t\t\t\t\t<div class=\"elementor-element elementor-element-dd14367 elementor-invisible elementor-widget elementor-widget-heading\" data-id=\"dd14367\" data-element_type=\"widget\" data-settings=\"{&quot;_animation&quot;:&quot;fadeInUp&quot;}\" data-widget_type=\"heading.default\">\n\t\t\t\t<div class=\"elementor-widget-container\">\n\t\t\t\t\t<h2 class=\"elementor-heading-title elementor-size-default\">Men\u00fa 4<\/h2>\t\t\t\t<\/div>\n\t\t\t\t<\/div>\n\t\t\t\t<div class=\"elementor-element elementor-element-ebf12bb elementor-invisible elementor-widget elementor-widget-heading\" data-id=\"ebf12bb\" data-element_type=\"widget\" data-settings=\"{&quot;_animation&quot;:&quot;fadeInUp&quot;}\" data-widget_type=\"heading.default\">\n\t\t\t\t<div class=\"elementor-widget-container\">\n\t\t\t\t\t<h2 class=\"elementor-heading-title elementor-size-default\"><b>Experiencia I+D<\/b><br>Los 4 compa\u00f1eros de viaje<br><br><b>Los 4 Elementos<\/b><br>AOVE <i>(AOVE Sant Lluc Les Moles)<\/i><br>Vegetales<br>Pez lim\u00f3n<br>Wagyu<br><br><b>Los 4 del Huerto<\/b> <br>Remolacha, hinojo y guisantes <i>(AOVE ROJAL PRIORDEI)<\/i><br>Tomate de colgar y aceituna<br>Tomates de verano <i>(AOVE SANT LLUC LES MOLES)<\/i><br>Tortilla de \u201cborratxets\u201d<br><br><b>Los 4 del Pez Lim\u00f3n<\/b> <br>Ahumado <i>(AOVE MORRUDA LACRIMA OLEA)<\/i><br>Interiores<br>Conserva<br>Brasa<br><br><b>Los 4 del Wagyu<\/b><br>Fricand\u00f3<br>Sobrasada<br>Guiso<br>Brasa<br><br><b>Los 4 Dulces<\/b><br>Coliflor <i>(AOVE FARGA LACRIMA OLEA)<\/i><br>Habas <i>(OOVE SEVILLENCA LACRIMA OLEA)<\/i><br>Algarroba<br>Chocolates del huerto<\/h2>\t\t\t\t<\/div>\n\t\t\t\t<\/div>\n\t\t\t\t<div class=\"elementor-element elementor-element-ced3373 elementor-invisible elementor-widget elementor-widget-heading\" data-id=\"ced3373\" data-element_type=\"widget\" data-settings=\"{&quot;_animation&quot;:&quot;fadeInUp&quot;}\" data-widget_type=\"heading.default\">\n\t\t\t\t<div class=\"elementor-widget-container\">\n\t\t\t\t\t<h2 class=\"elementor-heading-title elementor-size-default\">Precio: 135\u20ac IVA incluido<\/h2>\t\t\t\t<\/div>\n\t\t\t\t<\/div>\n\t\t\t\t<div class=\"elementor-element elementor-element-223cc90 elementor-widget elementor-widget-text-editor\" data-id=\"223cc90\" data-element_type=\"widget\" data-widget_type=\"text-editor.default\">\n\t\t\t\t<div class=\"elementor-widget-container\">\n\t\t\t\t\t\t\t\t\t<p>Una muestra gastron\u00f3mica con creaciones originales elaboradas a partir de nuestros productos y del imaginario de las t\u00e9cnicas tradicionales y la producci\u00f3n artesanal.<\/p>\t\t\t\t\t\t\t\t<\/div>\n\t\t\t\t<\/div>\n\t\t\t\t<div class=\"elementor-element elementor-element-55c1795 elementor-widget elementor-widget-text-editor\" data-id=\"55c1795\" data-element_type=\"widget\" data-widget_type=\"text-editor.default\">\n\t\t\t\t<div class=\"elementor-widget-container\">\n\t\t\t\t\t\t\t\t\t<p>Nuestra sumiller Carmen Sauch ha escogido 9 bebidas para maridar este men\u00fa. Precio: 70\u20ac <\/p>\t\t\t\t\t\t\t\t<\/div>\n\t\t\t\t<\/div>\n\t\t\t\t<div class=\"elementor-element elementor-element-c6d8acb elementor-widget elementor-widget-text-editor\" data-id=\"c6d8acb\" data-element_type=\"widget\" data-widget_type=\"text-editor.default\">\n\t\t\t\t<div class=\"elementor-widget-container\">\n\t\t\t\t\t\t\t\t\t<p>\u00c9ste y el resto de men\u00fas degustaci\u00f3n se sirven a las 13:00h, a las 13:45h ya las 14:30h en el servicio de mediod\u00eda. A las 20:30h, ya las 21:15h en el servicio de noche. <\/p>\t\t\t\t\t\t\t\t<\/div>\n\t\t\t\t<\/div>\n\t\t\t\t<div class=\"elementor-element elementor-element-f58ebf1 elementor-widget elementor-widget-text-editor\" data-id=\"f58ebf1\" data-element_type=\"widget\" data-widget_type=\"text-editor.default\">\n\t\t\t\t<div class=\"elementor-widget-container\">\n\t\t\t\t\t\t\t\t\t<p>S\u00d3LO SE SIRVE A MESA COMPLETA<\/p>\t\t\t\t\t\t\t\t<\/div>\n\t\t\t\t<\/div>\n\t\t\t\t\t<\/div>\n\t\t<\/div>\n\t\t\t\t\t<\/div>\n\t\t<\/section>\n\t\t\t\t<\/div>\n\t\t","protected":false},"excerpt":{"rendered":"<p>Experiencia I+DLos 4 compa\u00f1eros de viaje Los 4 ElementosAOVE (AOVE Sant Lluc Les Moles)VegetalesPez lim\u00f3nWagyu Los 4 del Huerto Remolacha, hinojo y guisantes (AOVE ROJAL PRIORDEI)Tomate de colgar y aceitunaTomates de verano (AOVE SANT LLUC LES MOLES)Tortilla de \u201cborratxets\u201d Los 4 del Pez Lim\u00f3n Ahumado (AOVE MORRUDA LACRIMA OLEA)InterioresConservaBrasa Los 4 del WagyuFricand\u00f3SobrasadaGuisoBrasa Los 4 [&hellip;]<\/p>\n","protected":false},"author":2,"featured_media":12292,"parent":1276,"menu_order":1,"comment_status":"closed","ping_status":"closed","template":"","meta":{"_acf_changed":false,"site-sidebar-layout":"no-sidebar","site-content-layout":"page-builder","ast-site-content-layout":"full-width-container","site-content-style":"unboxed","site-sidebar-style":"unboxed","ast-global-header-display":"","ast-banner-title-visibility":"","ast-main-header-display":"","ast-hfb-above-header-display":"","ast-hfb-below-header-display":"","ast-hfb-mobile-header-display":"","site-post-title":"disabled","ast-breadcrumbs-content":"","ast-featured-img":"disabled","footer-sml-layout":"","theme-transparent-header-meta":"","adv-header-id-meta":"","stick-header-meta":"","header-above-stick-meta":"","header-main-stick-meta":"","header-below-stick-meta":"","astra-migrate-meta-layouts":"set","ast-page-background-enabled":"default","ast-page-background-meta":{"desktop":{"background-color":"var(--ast-global-color-4)","background-image":"","background-repeat":"repeat","background-position":"center center","background-size":"auto","background-attachment":"scroll","background-type":"","background-media":"","overlay-type":"","overlay-color":"","overlay-opacity":"","overlay-gradient":""},"tablet":{"background-color":"","background-image":"","background-repeat":"repeat","background-position":"center center","background-size":"auto","background-attachment":"scroll","background-type":"","background-media":"","overlay-type":"","overlay-color":"","overlay-opacity":"","overlay-gradient":""},"mobile":{"background-color":"","background-image":"","background-repeat":"repeat","background-position":"center center","background-size":"auto","background-attachment":"scroll","background-type":"","background-media":"","overlay-type":"","overlay-color":"","overlay-opacity":"","overlay-gradient":""}},"ast-content-background-meta":{"desktop":{"background-color":"var(--ast-global-color-5)","background-image":"","background-repeat":"repeat","background-position":"center center","background-size":"auto","background-attachment":"scroll","background-type":"","background-media":"","overlay-type":"","overlay-color":"","overlay-opacity":"","overlay-gradient":""},"tablet":{"background-color":"var(--ast-global-color-5)","background-image":"","background-repeat":"repeat","background-position":"center center","background-size":"auto","background-attachment":"scroll","background-type":"","background-media":"","overlay-type":"","overlay-color":"","overlay-opacity":"","overlay-gradient":""},"mobile":{"background-color":"var(--ast-global-color-5)","background-image":"","background-repeat":"repeat","background-position":"center center","background-size":"auto","background-attachment":"scroll","background-type":"","background-media":"","overlay-type":"","overlay-color":"","overlay-opacity":"","overlay-gradient":""}},"footnotes":""},"class_list":["post-11863","page","type-page","status-publish","has-post-thumbnail","hentry"],"acf":[],"yoast_head":"<!-- This site is optimized with the Yoast SEO plugin v26.6 - https:\/\/yoast.com\/wordpress\/plugins\/seo\/ -->\n<title>Men\u00fa 4 - Les Moles<\/title>\n<meta name=\"robots\" content=\"index, follow, max-snippet:-1, max-image-preview:large, max-video-preview:-1\" \/>\n<link rel=\"canonical\" href=\"https:\/\/lesmoles.com\/es\/restaurant-2\/menus\/menu-terra-incognita\/\" \/>\n<meta property=\"og:locale\" content=\"es_ES\" \/>\n<meta property=\"og:type\" content=\"article\" \/>\n<meta property=\"og:title\" content=\"Men\u00fa 4 - Les Moles\" \/>\n<meta property=\"og:description\" content=\"Experiencia I+DLos 4 compa\u00f1eros de viaje Los 4 ElementosAOVE (AOVE Sant Lluc Les Moles)VegetalesPez lim\u00f3nWagyu Los 4 del Huerto Remolacha, hinojo y guisantes (AOVE ROJAL PRIORDEI)Tomate de colgar y aceitunaTomates de verano (AOVE SANT LLUC LES MOLES)Tortilla de \u201cborratxets\u201d Los 4 del Pez Lim\u00f3n Ahumado (AOVE MORRUDA LACRIMA OLEA)InterioresConservaBrasa Los 4 del WagyuFricand\u00f3SobrasadaGuisoBrasa Los 4 [&hellip;]\" \/>\n<meta property=\"og:url\" content=\"https:\/\/lesmoles.com\/es\/restaurant-2\/menus\/menu-terra-incognita\/\" \/>\n<meta property=\"og:site_name\" content=\"Les Moles\" \/>\n<meta property=\"article:modified_time\" content=\"2026-04-17T17:03:35+00:00\" \/>\n<meta property=\"og:image\" content=\"https:\/\/lesmoles.com\/wp-content\/uploads\/2025\/07\/Terra-incognita-9566-scaled.jpg\" \/>\n\t<meta property=\"og:image:width\" content=\"2560\" \/>\n\t<meta property=\"og:image:height\" content=\"1707\" \/>\n\t<meta property=\"og:image:type\" content=\"image\/jpeg\" \/>\n<meta name=\"twitter:card\" content=\"summary_large_image\" \/>\n<meta name=\"twitter:label1\" content=\"Tiempo de lectura\" \/>\n\t<meta name=\"twitter:data1\" content=\"2 minutos\" \/>\n<script type=\"application\/ld+json\" class=\"yoast-schema-graph\">{\"@context\":\"https:\/\/schema.org\",\"@graph\":[{\"@type\":\"WebPage\",\"@id\":\"https:\/\/lesmoles.com\/es\/restaurant-2\/menus\/menu-terra-incognita\/\",\"url\":\"https:\/\/lesmoles.com\/es\/restaurant-2\/menus\/menu-terra-incognita\/\",\"name\":\"Men\u00fa 4 - Les Moles\",\"isPartOf\":{\"@id\":\"https:\/\/lesmoles.com\/#website\"},\"primaryImageOfPage\":{\"@id\":\"https:\/\/lesmoles.com\/es\/restaurant-2\/menus\/menu-terra-incognita\/#primaryimage\"},\"image\":{\"@id\":\"https:\/\/lesmoles.com\/es\/restaurant-2\/menus\/menu-terra-incognita\/#primaryimage\"},\"thumbnailUrl\":\"https:\/\/lesmoles.com\/wp-content\/uploads\/2025\/07\/Terra-incognita-9566-scaled.jpg\",\"datePublished\":\"2025-04-10T09:09:05+00:00\",\"dateModified\":\"2026-04-17T17:03:35+00:00\",\"breadcrumb\":{\"@id\":\"https:\/\/lesmoles.com\/es\/restaurant-2\/menus\/menu-terra-incognita\/#breadcrumb\"},\"inLanguage\":\"es\",\"potentialAction\":[{\"@type\":\"ReadAction\",\"target\":[\"https:\/\/lesmoles.com\/es\/restaurant-2\/menus\/menu-terra-incognita\/\"]}]},{\"@type\":\"ImageObject\",\"inLanguage\":\"es\",\"@id\":\"https:\/\/lesmoles.com\/es\/restaurant-2\/menus\/menu-terra-incognita\/#primaryimage\",\"url\":\"https:\/\/lesmoles.com\/wp-content\/uploads\/2025\/07\/Terra-incognita-9566-scaled.jpg\",\"contentUrl\":\"https:\/\/lesmoles.com\/wp-content\/uploads\/2025\/07\/Terra-incognita-9566-scaled.jpg\",\"width\":2560,\"height\":1707},{\"@type\":\"BreadcrumbList\",\"@id\":\"https:\/\/lesmoles.com\/es\/restaurant-2\/menus\/menu-terra-incognita\/#breadcrumb\",\"itemListElement\":[{\"@type\":\"ListItem\",\"position\":1,\"name\":\"Inici\",\"item\":\"https:\/\/lesmoles.com\/es\/\"},{\"@type\":\"ListItem\",\"position\":2,\"name\":\"Restaurante\",\"item\":\"https:\/\/lesmoles.com\/es\/restaurant-2\/\"},{\"@type\":\"ListItem\",\"position\":3,\"name\":\"Men\u00fas\",\"item\":\"https:\/\/lesmoles.com\/es\/restaurant-2\/menus\/\"},{\"@type\":\"ListItem\",\"position\":4,\"name\":\"Men\u00fa 4\"}]},{\"@type\":\"WebSite\",\"@id\":\"https:\/\/lesmoles.com\/#website\",\"url\":\"https:\/\/lesmoles.com\/\",\"name\":\"Les Moles\",\"description\":\"Restaurante les Moles en Tarragona, Ulldecona Ctra. La S\u00e9nia, Km. 2. Ofreceros una experiencia gastron\u00f3mica \u00fanica..\",\"publisher\":{\"@id\":\"https:\/\/lesmoles.com\/#organization\"},\"potentialAction\":[{\"@type\":\"SearchAction\",\"target\":{\"@type\":\"EntryPoint\",\"urlTemplate\":\"https:\/\/lesmoles.com\/?s={search_term_string}\"},\"query-input\":{\"@type\":\"PropertyValueSpecification\",\"valueRequired\":true,\"valueName\":\"search_term_string\"}}],\"inLanguage\":\"es\"},{\"@type\":\"Organization\",\"@id\":\"https:\/\/lesmoles.com\/#organization\",\"name\":\"Les Moles\",\"url\":\"https:\/\/lesmoles.com\/\",\"logo\":{\"@type\":\"ImageObject\",\"inLanguage\":\"es\",\"@id\":\"https:\/\/lesmoles.com\/#\/schema\/logo\/image\/\",\"url\":\"https:\/\/lesmoles.com\/wp-content\/uploads\/2021\/12\/cropped-Les-Moles-Restaurant_transparent.png\",\"contentUrl\":\"https:\/\/lesmoles.com\/wp-content\/uploads\/2021\/12\/cropped-Les-Moles-Restaurant_transparent.png\",\"width\":512,\"height\":512,\"caption\":\"Les Moles\"},\"image\":{\"@id\":\"https:\/\/lesmoles.com\/#\/schema\/logo\/image\/\"}}]}<\/script>\n<!-- \/ Yoast SEO plugin. -->","yoast_head_json":{"title":"Men\u00fa 4 - Les Moles","robots":{"index":"index","follow":"follow","max-snippet":"max-snippet:-1","max-image-preview":"max-image-preview:large","max-video-preview":"max-video-preview:-1"},"canonical":"https:\/\/lesmoles.com\/es\/restaurant-2\/menus\/menu-terra-incognita\/","og_locale":"es_ES","og_type":"article","og_title":"Men\u00fa 4 - Les Moles","og_description":"Experiencia I+DLos 4 compa\u00f1eros de viaje Los 4 ElementosAOVE (AOVE Sant Lluc Les Moles)VegetalesPez lim\u00f3nWagyu Los 4 del Huerto Remolacha, hinojo y guisantes (AOVE ROJAL PRIORDEI)Tomate de colgar y aceitunaTomates de verano (AOVE SANT LLUC LES MOLES)Tortilla de \u201cborratxets\u201d Los 4 del Pez Lim\u00f3n Ahumado (AOVE MORRUDA LACRIMA OLEA)InterioresConservaBrasa Los 4 del WagyuFricand\u00f3SobrasadaGuisoBrasa Los 4 [&hellip;]","og_url":"https:\/\/lesmoles.com\/es\/restaurant-2\/menus\/menu-terra-incognita\/","og_site_name":"Les Moles","article_modified_time":"2026-04-17T17:03:35+00:00","og_image":[{"width":2560,"height":1707,"url":"https:\/\/lesmoles.com\/wp-content\/uploads\/2025\/07\/Terra-incognita-9566-scaled.jpg","type":"image\/jpeg"}],"twitter_card":"summary_large_image","twitter_misc":{"Tiempo de lectura":"2 minutos"},"schema":{"@context":"https:\/\/schema.org","@graph":[{"@type":"WebPage","@id":"https:\/\/lesmoles.com\/es\/restaurant-2\/menus\/menu-terra-incognita\/","url":"https:\/\/lesmoles.com\/es\/restaurant-2\/menus\/menu-terra-incognita\/","name":"Men\u00fa 4 - Les Moles","isPartOf":{"@id":"https:\/\/lesmoles.com\/#website"},"primaryImageOfPage":{"@id":"https:\/\/lesmoles.com\/es\/restaurant-2\/menus\/menu-terra-incognita\/#primaryimage"},"image":{"@id":"https:\/\/lesmoles.com\/es\/restaurant-2\/menus\/menu-terra-incognita\/#primaryimage"},"thumbnailUrl":"https:\/\/lesmoles.com\/wp-content\/uploads\/2025\/07\/Terra-incognita-9566-scaled.jpg","datePublished":"2025-04-10T09:09:05+00:00","dateModified":"2026-04-17T17:03:35+00:00","breadcrumb":{"@id":"https:\/\/lesmoles.com\/es\/restaurant-2\/menus\/menu-terra-incognita\/#breadcrumb"},"inLanguage":"es","potentialAction":[{"@type":"ReadAction","target":["https:\/\/lesmoles.com\/es\/restaurant-2\/menus\/menu-terra-incognita\/"]}]},{"@type":"ImageObject","inLanguage":"es","@id":"https:\/\/lesmoles.com\/es\/restaurant-2\/menus\/menu-terra-incognita\/#primaryimage","url":"https:\/\/lesmoles.com\/wp-content\/uploads\/2025\/07\/Terra-incognita-9566-scaled.jpg","contentUrl":"https:\/\/lesmoles.com\/wp-content\/uploads\/2025\/07\/Terra-incognita-9566-scaled.jpg","width":2560,"height":1707},{"@type":"BreadcrumbList","@id":"https:\/\/lesmoles.com\/es\/restaurant-2\/menus\/menu-terra-incognita\/#breadcrumb","itemListElement":[{"@type":"ListItem","position":1,"name":"Inici","item":"https:\/\/lesmoles.com\/es\/"},{"@type":"ListItem","position":2,"name":"Restaurante","item":"https:\/\/lesmoles.com\/es\/restaurant-2\/"},{"@type":"ListItem","position":3,"name":"Men\u00fas","item":"https:\/\/lesmoles.com\/es\/restaurant-2\/menus\/"},{"@type":"ListItem","position":4,"name":"Men\u00fa 4"}]},{"@type":"WebSite","@id":"https:\/\/lesmoles.com\/#website","url":"https:\/\/lesmoles.com\/","name":"Les Moles","description":"Restaurante les Moles en Tarragona, Ulldecona Ctra. La S\u00e9nia, Km. 2. Ofreceros una experiencia gastron\u00f3mica \u00fanica..","publisher":{"@id":"https:\/\/lesmoles.com\/#organization"},"potentialAction":[{"@type":"SearchAction","target":{"@type":"EntryPoint","urlTemplate":"https:\/\/lesmoles.com\/?s={search_term_string}"},"query-input":{"@type":"PropertyValueSpecification","valueRequired":true,"valueName":"search_term_string"}}],"inLanguage":"es"},{"@type":"Organization","@id":"https:\/\/lesmoles.com\/#organization","name":"Les Moles","url":"https:\/\/lesmoles.com\/","logo":{"@type":"ImageObject","inLanguage":"es","@id":"https:\/\/lesmoles.com\/#\/schema\/logo\/image\/","url":"https:\/\/lesmoles.com\/wp-content\/uploads\/2021\/12\/cropped-Les-Moles-Restaurant_transparent.png","contentUrl":"https:\/\/lesmoles.com\/wp-content\/uploads\/2021\/12\/cropped-Les-Moles-Restaurant_transparent.png","width":512,"height":512,"caption":"Les Moles"},"image":{"@id":"https:\/\/lesmoles.com\/#\/schema\/logo\/image\/"}}]}},"publishpress_future_action":{"enabled":false,"date":"2026-05-10 15:38:17","action":"change-status","newStatus":"draft","terms":[],"taxonomy":"translation_priority","extraData":[]},"publishpress_future_workflow_manual_trigger":{"enabledWorkflows":[]},"_links":{"self":[{"href":"https:\/\/lesmoles.com\/es\/wp-json\/wp\/v2\/pages\/11863","targetHints":{"allow":["GET"]}}],"collection":[{"href":"https:\/\/lesmoles.com\/es\/wp-json\/wp\/v2\/pages"}],"about":[{"href":"https:\/\/lesmoles.com\/es\/wp-json\/wp\/v2\/types\/page"}],"author":[{"embeddable":true,"href":"https:\/\/lesmoles.com\/es\/wp-json\/wp\/v2\/users\/2"}],"replies":[{"embeddable":true,"href":"https:\/\/lesmoles.com\/es\/wp-json\/wp\/v2\/comments?post=11863"}],"version-history":[{"count":11,"href":"https:\/\/lesmoles.com\/es\/wp-json\/wp\/v2\/pages\/11863\/revisions"}],"predecessor-version":[{"id":13217,"href":"https:\/\/lesmoles.com\/es\/wp-json\/wp\/v2\/pages\/11863\/revisions\/13217"}],"up":[{"embeddable":true,"href":"https:\/\/lesmoles.com\/es\/wp-json\/wp\/v2\/pages\/1276"}],"wp:featuredmedia":[{"embeddable":true,"href":"https:\/\/lesmoles.com\/es\/wp-json\/wp\/v2\/media\/12292"}],"wp:attachment":[{"href":"https:\/\/lesmoles.com\/es\/wp-json\/wp\/v2\/media?parent=11863"}],"curies":[{"name":"wp","href":"https:\/\/api.w.org\/{rel}","templated":true}]}}