{"id":1288,"date":"2021-12-24T11:21:38","date_gmt":"2021-12-24T11:21:38","guid":{"rendered":"https:\/\/lesmoles.t1.curious.tech\/restaurant\/reserva\/"},"modified":"2025-04-22T10:15:45","modified_gmt":"2025-04-22T08:15:45","slug":"reserva","status":"publish","type":"page","link":"https:\/\/lesmoles.com\/es\/restaurant-2\/reserva\/","title":{"rendered":"Reserva"},"content":{"rendered":"\t\t<div data-elementor-type=\"wp-page\" data-elementor-id=\"1288\" class=\"elementor elementor-1288 elementor-128\" data-elementor-post-type=\"page\">\n\t\t\t\t\t\t<section class=\"elementor-section elementor-top-section elementor-element elementor-element-b85dfd3 elementor-section-boxed elementor-section-height-default elementor-section-height-default\" data-id=\"b85dfd3\" data-element_type=\"section\">\n\t\t\t\t\t\t<div class=\"elementor-container elementor-column-gap-no\">\n\t\t\t\t\t<div class=\"elementor-column elementor-col-100 elementor-top-column elementor-element elementor-element-c5e5204\" data-id=\"c5e5204\" data-element_type=\"column\">\n\t\t\t<div class=\"elementor-widget-wrap elementor-element-populated\">\n\t\t\t\t\t\t<section class=\"elementor-section elementor-inner-section elementor-element elementor-element-da40814 elementor-section-full_width elementor-section-height-min-height elementor-section-height-default\" data-id=\"da40814\" data-element_type=\"section\" data-settings=\"{&quot;background_background&quot;:&quot;classic&quot;}\">\n\t\t\t\t\t\t<div class=\"elementor-container elementor-column-gap-no\">\n\t\t\t\t\t<div class=\"elementor-column elementor-col-100 elementor-inner-column elementor-element elementor-element-cec2c7a\" data-id=\"cec2c7a\" data-element_type=\"column\">\n\t\t\t<div class=\"elementor-widget-wrap\">\n\t\t\t\t\t\t\t<\/div>\n\t\t<\/div>\n\t\t\t\t\t<\/div>\n\t\t<\/section>\n\t\t\t\t\t<\/div>\n\t\t<\/div>\n\t\t\t\t\t<\/div>\n\t\t<\/section>\n\t\t\t\t<section class=\"elementor-section elementor-top-section elementor-element elementor-element-5bfee5d elementor-section-boxed elementor-section-height-default elementor-section-height-default\" data-id=\"5bfee5d\" data-element_type=\"section\">\n\t\t\t\t\t\t<div class=\"elementor-container elementor-column-gap-default\">\n\t\t\t\t\t<div class=\"elementor-column elementor-col-100 elementor-top-column elementor-element elementor-element-b931e7e\" data-id=\"b931e7e\" data-element_type=\"column\">\n\t\t\t<div class=\"elementor-widget-wrap\">\n\t\t\t\t\t\t\t<\/div>\n\t\t<\/div>\n\t\t\t\t\t<\/div>\n\t\t<\/section>\n\t\t\t\t<section class=\"elementor-section elementor-top-section elementor-element elementor-element-279aa37 elementor-section-boxed elementor-section-height-default elementor-section-height-default\" data-id=\"279aa37\" data-element_type=\"section\">\n\t\t\t\t\t\t<div class=\"elementor-container elementor-column-gap-default\">\n\t\t\t\t\t<div class=\"elementor-column elementor-col-100 elementor-top-column elementor-element elementor-element-d8e06fa\" data-id=\"d8e06fa\" data-element_type=\"column\">\n\t\t\t<div class=\"elementor-widget-wrap elementor-element-populated\">\n\t\t\t\t\t\t<div class=\"elementor-element elementor-element-277bcf0 elementor-widget elementor-widget-heading\" data-id=\"277bcf0\" data-element_type=\"widget\" data-widget_type=\"heading.default\">\n\t\t\t\t<div class=\"elementor-widget-container\">\n\t\t\t\t\t<h2 class=\"elementor-heading-title elementor-size-default\">RESERVAS<\/h2>\t\t\t\t<\/div>\n\t\t\t\t<\/div>\n\t\t\t\t<div class=\"elementor-element elementor-element-6dcf7a7 elementor-widget elementor-widget-spacer\" data-id=\"6dcf7a7\" data-element_type=\"widget\" data-widget_type=\"spacer.default\">\n\t\t\t\t<div class=\"elementor-widget-container\">\n\t\t\t\t\t\t\t<div class=\"elementor-spacer\">\n\t\t\t<div class=\"elementor-spacer-inner\"><\/div>\n\t\t<\/div>\n\t\t\t\t\t\t<\/div>\n\t\t\t\t<\/div>\n\t\t\t\t\t<\/div>\n\t\t<\/div>\n\t\t\t\t\t<\/div>\n\t\t<\/section>\n\t\t\t\t<section class=\"elementor-section elementor-top-section elementor-element elementor-element-fd25ef9 elementor-section-boxed elementor-section-height-default elementor-section-height-default\" data-id=\"fd25ef9\" data-element_type=\"section\">\n\t\t\t\t\t\t<div class=\"elementor-container elementor-column-gap-default\">\n\t\t\t\t\t<div class=\"elementor-column elementor-col-33 elementor-top-column elementor-element elementor-element-8e8de3b\" data-id=\"8e8de3b\" data-element_type=\"column\">\n\t\t\t<div class=\"elementor-widget-wrap elementor-element-populated\">\n\t\t\t\t\t\t<div class=\"elementor-element elementor-element-bb10b4f elementor-widget elementor-widget-text-editor\" data-id=\"bb10b4f\" data-element_type=\"widget\" data-widget_type=\"text-editor.default\">\n\t\t\t\t<div class=\"elementor-widget-container\">\n\t\t\t\t\t\t\t\t\t<p style=\"text-align: center;\"><b><span lang=\"ES\">Martes a viernes al mediod\u00eda<\/span><\/b><\/p><p style=\"text-align: center;\"><b><span lang=\"ES\">El camino<\/span><\/b><span lang=\"ES\"> 13:00 \/ 13:45<\/span><\/p><p style=\"text-align: center;\"><b><span lang=\"ES\">Terra Incognita<\/span><\/b> <span lang=\"ES\">13:00 \/ 13:45 \/ 14:30<\/span><\/p><p style=\"text-align: center;\"><b><span lang=\"ES\">Tradici\u00f3n<\/span><\/b> <span lang=\"ES\">de 13:00 a 15:30<\/span><\/p><p style=\"text-align: center;\"><b><span lang=\"ES\">Men\u00fa a la carta<\/span><\/b><span lang=\"ES\"> de 13:00 a 15:30<\/span><\/p>\t\t\t\t\t\t\t\t<\/div>\n\t\t\t\t<\/div>\n\t\t\t\t\t<\/div>\n\t\t<\/div>\n\t\t\t\t<div class=\"elementor-column elementor-col-33 elementor-top-column elementor-element elementor-element-27e0146\" data-id=\"27e0146\" data-element_type=\"column\">\n\t\t\t<div class=\"elementor-widget-wrap elementor-element-populated\">\n\t\t\t\t\t\t<div class=\"elementor-element elementor-element-56fbbea elementor-widget elementor-widget-text-editor\" data-id=\"56fbbea\" data-element_type=\"widget\" data-widget_type=\"text-editor.default\">\n\t\t\t\t<div class=\"elementor-widget-container\">\n\t\t\t\t\t\t\t\t\t<p style=\"text-align: center;\"><strong>Viernes y s\u00e1bado por la noche<\/strong><\/p><p style=\"text-align: center;\"><strong>El camino<\/strong> 20:30 \/ <span lang=\"ES\">21:15<\/span><\/p><p style=\"text-align: center;\"><b><span lang=\"ES\">Terra Incognita<\/span><\/b><span lang=\"ES\"> 20:30 \/ 21:15<\/span><\/p><p style=\"text-align: center;\"><b><span lang=\"ES\">Tradici\u00f3n <\/span><\/b><span lang=\"ES\">de 20:30 a 22:00<\/span><\/p><p style=\"text-align: center;\"><b><span lang=\"ES\">Men\u00fa a la carta<\/span><\/b><span lang=\"ES\"> de 20:30 a 22:00<\/span><\/p>\t\t\t\t\t\t\t\t<\/div>\n\t\t\t\t<\/div>\n\t\t\t\t\t<\/div>\n\t\t<\/div>\n\t\t\t\t<div class=\"elementor-column elementor-col-33 elementor-top-column elementor-element elementor-element-db51f94\" data-id=\"db51f94\" data-element_type=\"column\">\n\t\t\t<div class=\"elementor-widget-wrap elementor-element-populated\">\n\t\t\t\t\t\t<div class=\"elementor-element elementor-element-3f87119 elementor-widget elementor-widget-text-editor\" data-id=\"3f87119\" data-element_type=\"widget\" data-widget_type=\"text-editor.default\">\n\t\t\t\t<div class=\"elementor-widget-container\">\n\t\t\t\t\t\t\t\t\t<p style=\"text-align: center;\"><b><span lang=\"ES\">S\u00e1bado y domingo al mediod\u00eda<\/span><\/b><\/p><p style=\"text-align: center;\"><b><span lang=\"ES\">El camino<\/span><\/b><span lang=\"ES\"> 13:00 \/ 13:45<\/span><\/p><p style=\"text-align: center;\"><b><span lang=\"ES\">Terra Incognita<\/span><\/b><span lang=\"ES\"> 13:00\/ 13:45 \/ 14:30<\/span><\/p><p style=\"text-align: center;\"><b><span lang=\"ES\">Men\u00fa a la carta<\/span><\/b><span lang=\"ES\"> de 13:00 a 15:30<\/span><\/p>\t\t\t\t\t\t\t\t<\/div>\n\t\t\t\t<\/div>\n\t\t\t\t\t<\/div>\n\t\t<\/div>\n\t\t\t\t\t<\/div>\n\t\t<\/section>\n\t\t\t\t<section class=\"elementor-section elementor-top-section elementor-element elementor-element-1888f81 elementor-section-height-min-height elementor-section-items-top elementor-section-boxed elementor-section-height-default\" data-id=\"1888f81\" data-element_type=\"section\">\n\t\t\t\t\t\t<div class=\"elementor-container elementor-column-gap-default\">\n\t\t\t\t\t<div class=\"elementor-column elementor-col-100 elementor-top-column elementor-element elementor-element-c098702\" data-id=\"c098702\" data-element_type=\"column\">\n\t\t\t<div class=\"elementor-widget-wrap elementor-element-populated\">\n\t\t\t\t\t\t<div class=\"elementor-element elementor-element-d650e86 elementor-widget elementor-widget-text-editor\" data-id=\"d650e86\" data-element_type=\"widget\" data-widget_type=\"text-editor.default\">\n\t\t\t\t<div class=\"elementor-widget-container\">\n\t\t\t\t\t\t\t\t\t<p style=\"text-align: center;\">El men\u00fa Tradici\u00f3n <strong>NO<\/strong> est\u00e1n disponibles los s\u00e1bados, domingos y festivos al mediod\u00eda.<\/p><p style=\"text-align: center;\">Para realizar la reserva de un pack regalo llama al 977 57 32 24.<\/p>\t\t\t\t\t\t\t\t<\/div>\n\t\t\t\t<\/div>\n\t\t\t\t<div class=\"elementor-element elementor-element-06632e9 elementor-widget elementor-widget-shortcode\" data-id=\"06632e9\" data-element_type=\"widget\" data-widget_type=\"shortcode.default\">\n\t\t\t\t<div class=\"elementor-widget-container\">\n\t\t\t\t\t\t\t<div class=\"elementor-shortcode\"> <iframe class=\"tfw-widget-iframe\" src=\"https:\/\/module.lafourchette.com\/es_ES\/module\/416855-f7dc3 \" ><\/iframe><\/div>\n\t\t\t\t\t\t<\/div>\n\t\t\t\t<\/div>\n\t\t\t\t\t<\/div>\n\t\t<\/div>\n\t\t\t\t\t<\/div>\n\t\t<\/section>\n\t\t\t\t<\/div>\n\t\t","protected":false},"excerpt":{"rendered":"<p>RESERVAS Martes a viernes al mediod\u00eda El camino 13:00 \/ 13:45 Terra Incognita 13:00 \/ 13:45 \/ 14:30 Tradici\u00f3n de 13:00 a 15:30 Men\u00fa a la carta de 13:00 a 15:30 Viernes y s\u00e1bado por la noche El camino 20:30 \/ 21:15 Terra Incognita 20:30 \/ 21:15 Tradici\u00f3n de 20:30 a 22:00 Men\u00fa a la [&hellip;]<\/p>\n","protected":false},"author":4,"featured_media":0,"parent":1267,"menu_order":0,"comment_status":"closed","ping_status":"closed","template":"","meta":{"_acf_changed":false,"site-sidebar-layout":"no-sidebar","site-content-layout":"page-builder","ast-site-content-layout":"","site-content-style":"default","site-sidebar-style":"default","ast-global-header-display":"","ast-banner-title-visibility":"","ast-main-header-display":"","ast-hfb-above-header-display":"","ast-hfb-below-header-display":"","ast-hfb-mobile-header-display":"","site-post-title":"disabled","ast-breadcrumbs-content":"","ast-featured-img":"disabled","footer-sml-layout":"","theme-transparent-header-meta":"","adv-header-id-meta":"","stick-header-meta":"","header-above-stick-meta":"","header-main-stick-meta":"","header-below-stick-meta":"","astra-migrate-meta-layouts":"default","ast-page-background-enabled":"default","ast-page-background-meta":{"desktop":{"background-color":"var(--ast-global-color-4)","background-image":"","background-repeat":"repeat","background-position":"center center","background-size":"auto","background-attachment":"scroll","background-type":"","background-media":"","overlay-type":"","overlay-color":"","overlay-opacity":"","overlay-gradient":""},"tablet":{"background-color":"","background-image":"","background-repeat":"repeat","background-position":"center center","background-size":"auto","background-attachment":"scroll","background-type":"","background-media":"","overlay-type":"","overlay-color":"","overlay-opacity":"","overlay-gradient":""},"mobile":{"background-color":"","background-image":"","background-repeat":"repeat","background-position":"center center","background-size":"auto","background-attachment":"scroll","background-type":"","background-media":"","overlay-type":"","overlay-color":"","overlay-opacity":"","overlay-gradient":""}},"ast-content-background-meta":{"desktop":{"background-color":"var(--ast-global-color-5)","background-image":"","background-repeat":"repeat","background-position":"center center","background-size":"auto","background-attachment":"scroll","background-type":"","background-media":"","overlay-type":"","overlay-color":"","overlay-opacity":"","overlay-gradient":""},"tablet":{"background-color":"var(--ast-global-color-5)","background-image":"","background-repeat":"repeat","background-position":"center center","background-size":"auto","background-attachment":"scroll","background-type":"","background-media":"","overlay-type":"","overlay-color":"","overlay-opacity":"","overlay-gradient":""},"mobile":{"background-color":"var(--ast-global-color-5)","background-image":"","background-repeat":"repeat","background-position":"center center","background-size":"auto","background-attachment":"scroll","background-type":"","background-media":"","overlay-type":"","overlay-color":"","overlay-opacity":"","overlay-gradient":""}},"footnotes":""},"class_list":["post-1288","page","type-page","status-publish","hentry"],"acf":[],"yoast_head":"<!-- This site is optimized with the Yoast SEO plugin v26.6 - https:\/\/yoast.com\/wordpress\/plugins\/seo\/ -->\n<title>Reserva en Les Moles<\/title>\n<meta name=\"description\" content=\"Reserva en Les Moles, completa nuestra reserva o ponte en contacto con nosotros 977573224\" \/>\n<meta name=\"robots\" content=\"index, follow, max-snippet:-1, max-image-preview:large, max-video-preview:-1\" \/>\n<link rel=\"canonical\" href=\"https:\/\/lesmoles.com\/es\/restaurant-2\/reserva\/\" \/>\n<meta property=\"og:locale\" content=\"es_ES\" \/>\n<meta property=\"og:type\" content=\"article\" \/>\n<meta property=\"og:title\" content=\"Reserva en Les Moles\" \/>\n<meta property=\"og:description\" content=\"Reserva en Les Moles, completa nuestra reserva o ponte en contacto con nosotros 977573224\" \/>\n<meta property=\"og:url\" content=\"https:\/\/lesmoles.com\/es\/restaurant-2\/reserva\/\" \/>\n<meta property=\"og:site_name\" content=\"Les Moles\" \/>\n<meta property=\"article:modified_time\" content=\"2025-04-22T08:15:45+00:00\" \/>\n<meta name=\"twitter:card\" content=\"summary_large_image\" \/>\n<meta name=\"twitter:label1\" content=\"Tiempo de lectura\" \/>\n\t<meta name=\"twitter:data1\" content=\"1 minuto\" \/>\n<script type=\"application\/ld+json\" class=\"yoast-schema-graph\">{\"@context\":\"https:\/\/schema.org\",\"@graph\":[{\"@type\":\"WebPage\",\"@id\":\"https:\/\/lesmoles.com\/es\/restaurant-2\/reserva\/\",\"url\":\"https:\/\/lesmoles.com\/es\/restaurant-2\/reserva\/\",\"name\":\"Reserva en Les Moles\",\"isPartOf\":{\"@id\":\"https:\/\/lesmoles.com\/#website\"},\"datePublished\":\"2021-12-24T11:21:38+00:00\",\"dateModified\":\"2025-04-22T08:15:45+00:00\",\"description\":\"Reserva en Les Moles, completa nuestra reserva o ponte en contacto con nosotros 977573224\",\"breadcrumb\":{\"@id\":\"https:\/\/lesmoles.com\/es\/restaurant-2\/reserva\/#breadcrumb\"},\"inLanguage\":\"es\",\"potentialAction\":[{\"@type\":\"ReadAction\",\"target\":[\"https:\/\/lesmoles.com\/es\/restaurant-2\/reserva\/\"]}]},{\"@type\":\"BreadcrumbList\",\"@id\":\"https:\/\/lesmoles.com\/es\/restaurant-2\/reserva\/#breadcrumb\",\"itemListElement\":[{\"@type\":\"ListItem\",\"position\":1,\"name\":\"Inici\",\"item\":\"https:\/\/lesmoles.com\/es\/\"},{\"@type\":\"ListItem\",\"position\":2,\"name\":\"Restaurante\",\"item\":\"https:\/\/lesmoles.com\/es\/restaurant-2\/\"},{\"@type\":\"ListItem\",\"position\":3,\"name\":\"Reserva\"}]},{\"@type\":\"WebSite\",\"@id\":\"https:\/\/lesmoles.com\/#website\",\"url\":\"https:\/\/lesmoles.com\/\",\"name\":\"Les Moles\",\"description\":\"Restaurante les Moles en Tarragona, Ulldecona Ctra. La S\u00e9nia, Km. 2. Ofreceros una experiencia gastron\u00f3mica \u00fanica..\",\"publisher\":{\"@id\":\"https:\/\/lesmoles.com\/#organization\"},\"potentialAction\":[{\"@type\":\"SearchAction\",\"target\":{\"@type\":\"EntryPoint\",\"urlTemplate\":\"https:\/\/lesmoles.com\/?s={search_term_string}\"},\"query-input\":{\"@type\":\"PropertyValueSpecification\",\"valueRequired\":true,\"valueName\":\"search_term_string\"}}],\"inLanguage\":\"es\"},{\"@type\":\"Organization\",\"@id\":\"https:\/\/lesmoles.com\/#organization\",\"name\":\"Les Moles\",\"url\":\"https:\/\/lesmoles.com\/\",\"logo\":{\"@type\":\"ImageObject\",\"inLanguage\":\"es\",\"@id\":\"https:\/\/lesmoles.com\/#\/schema\/logo\/image\/\",\"url\":\"https:\/\/lesmoles.com\/wp-content\/uploads\/2021\/12\/cropped-Les-Moles-Restaurant_transparent.png\",\"contentUrl\":\"https:\/\/lesmoles.com\/wp-content\/uploads\/2021\/12\/cropped-Les-Moles-Restaurant_transparent.png\",\"width\":512,\"height\":512,\"caption\":\"Les Moles\"},\"image\":{\"@id\":\"https:\/\/lesmoles.com\/#\/schema\/logo\/image\/\"}}]}<\/script>\n<!-- \/ Yoast SEO plugin. -->","yoast_head_json":{"title":"Reserva en Les Moles","description":"Reserva en Les Moles, completa nuestra reserva o ponte en contacto con nosotros 977573224","robots":{"index":"index","follow":"follow","max-snippet":"max-snippet:-1","max-image-preview":"max-image-preview:large","max-video-preview":"max-video-preview:-1"},"canonical":"https:\/\/lesmoles.com\/es\/restaurant-2\/reserva\/","og_locale":"es_ES","og_type":"article","og_title":"Reserva en Les Moles","og_description":"Reserva en Les Moles, completa nuestra reserva o ponte en contacto con nosotros 977573224","og_url":"https:\/\/lesmoles.com\/es\/restaurant-2\/reserva\/","og_site_name":"Les Moles","article_modified_time":"2025-04-22T08:15:45+00:00","twitter_card":"summary_large_image","twitter_misc":{"Tiempo de lectura":"1 minuto"},"schema":{"@context":"https:\/\/schema.org","@graph":[{"@type":"WebPage","@id":"https:\/\/lesmoles.com\/es\/restaurant-2\/reserva\/","url":"https:\/\/lesmoles.com\/es\/restaurant-2\/reserva\/","name":"Reserva en Les Moles","isPartOf":{"@id":"https:\/\/lesmoles.com\/#website"},"datePublished":"2021-12-24T11:21:38+00:00","dateModified":"2025-04-22T08:15:45+00:00","description":"Reserva en Les Moles, completa nuestra reserva o ponte en contacto con nosotros 977573224","breadcrumb":{"@id":"https:\/\/lesmoles.com\/es\/restaurant-2\/reserva\/#breadcrumb"},"inLanguage":"es","potentialAction":[{"@type":"ReadAction","target":["https:\/\/lesmoles.com\/es\/restaurant-2\/reserva\/"]}]},{"@type":"BreadcrumbList","@id":"https:\/\/lesmoles.com\/es\/restaurant-2\/reserva\/#breadcrumb","itemListElement":[{"@type":"ListItem","position":1,"name":"Inici","item":"https:\/\/lesmoles.com\/es\/"},{"@type":"ListItem","position":2,"name":"Restaurante","item":"https:\/\/lesmoles.com\/es\/restaurant-2\/"},{"@type":"ListItem","position":3,"name":"Reserva"}]},{"@type":"WebSite","@id":"https:\/\/lesmoles.com\/#website","url":"https:\/\/lesmoles.com\/","name":"Les Moles","description":"Restaurante les Moles en Tarragona, Ulldecona Ctra. La S\u00e9nia, Km. 2. Ofreceros una experiencia gastron\u00f3mica \u00fanica..","publisher":{"@id":"https:\/\/lesmoles.com\/#organization"},"potentialAction":[{"@type":"SearchAction","target":{"@type":"EntryPoint","urlTemplate":"https:\/\/lesmoles.com\/?s={search_term_string}"},"query-input":{"@type":"PropertyValueSpecification","valueRequired":true,"valueName":"search_term_string"}}],"inLanguage":"es"},{"@type":"Organization","@id":"https:\/\/lesmoles.com\/#organization","name":"Les Moles","url":"https:\/\/lesmoles.com\/","logo":{"@type":"ImageObject","inLanguage":"es","@id":"https:\/\/lesmoles.com\/#\/schema\/logo\/image\/","url":"https:\/\/lesmoles.com\/wp-content\/uploads\/2021\/12\/cropped-Les-Moles-Restaurant_transparent.png","contentUrl":"https:\/\/lesmoles.com\/wp-content\/uploads\/2021\/12\/cropped-Les-Moles-Restaurant_transparent.png","width":512,"height":512,"caption":"Les Moles"},"image":{"@id":"https:\/\/lesmoles.com\/#\/schema\/logo\/image\/"}}]}},"publishpress_future_action":{"enabled":false,"date":"2026-05-10 15:28:27","action":"change-status","newStatus":"draft","terms":[],"taxonomy":"translation_priority","extraData":[]},"publishpress_future_workflow_manual_trigger":{"enabledWorkflows":[]},"_links":{"self":[{"href":"https:\/\/lesmoles.com\/es\/wp-json\/wp\/v2\/pages\/1288","targetHints":{"allow":["GET"]}}],"collection":[{"href":"https:\/\/lesmoles.com\/es\/wp-json\/wp\/v2\/pages"}],"about":[{"href":"https:\/\/lesmoles.com\/es\/wp-json\/wp\/v2\/types\/page"}],"author":[{"embeddable":true,"href":"https:\/\/lesmoles.com\/es\/wp-json\/wp\/v2\/users\/4"}],"replies":[{"embeddable":true,"href":"https:\/\/lesmoles.com\/es\/wp-json\/wp\/v2\/comments?post=1288"}],"version-history":[{"count":19,"href":"https:\/\/lesmoles.com\/es\/wp-json\/wp\/v2\/pages\/1288\/revisions"}],"predecessor-version":[{"id":11976,"href":"https:\/\/lesmoles.com\/es\/wp-json\/wp\/v2\/pages\/1288\/revisions\/11976"}],"up":[{"embeddable":true,"href":"https:\/\/lesmoles.com\/es\/wp-json\/wp\/v2\/pages\/1267"}],"wp:attachment":[{"href":"https:\/\/lesmoles.com\/es\/wp-json\/wp\/v2\/media?parent=1288"}],"curies":[{"name":"wp","href":"https:\/\/api.w.org\/{rel}","templated":true}]}}