{"id":1435,"date":"2021-12-29T12:51:51","date_gmt":"2021-12-29T11:51:51","guid":{"rendered":"https:\/\/lesmoles.t1.curious.tech\/restaurant\/menus\/menu-tradicio\/"},"modified":"2026-04-28T09:47:49","modified_gmt":"2026-04-28T07:47:49","slug":"menu-tradicio","status":"publish","type":"page","link":"https:\/\/lesmoles.com\/es\/restaurant-2\/menus\/menu-tradicio\/","title":{"rendered":"Men\u00fa TRADICI\u00d3N"},"content":{"rendered":"\t\t<div data-elementor-type=\"wp-page\" data-elementor-id=\"1435\" class=\"elementor elementor-1435 elementor-555\" data-elementor-post-type=\"page\">\n\t\t\t\t\t\t<section class=\"elementor-section elementor-top-section elementor-element elementor-element-860cbbe elementor-section-boxed elementor-section-height-default elementor-section-height-default\" data-id=\"860cbbe\" data-element_type=\"section\">\n\t\t\t\t\t\t<div class=\"elementor-container elementor-column-gap-no\">\n\t\t\t\t\t<div class=\"elementor-column elementor-col-100 elementor-top-column elementor-element elementor-element-2045c9b\" data-id=\"2045c9b\" data-element_type=\"column\">\n\t\t\t<div class=\"elementor-widget-wrap elementor-element-populated\">\n\t\t\t\t\t\t<section class=\"elementor-section elementor-inner-section elementor-element elementor-element-537b39e elementor-section-full_width elementor-section-height-min-height elementor-section-height-default\" data-id=\"537b39e\" data-element_type=\"section\" data-settings=\"{&quot;background_background&quot;:&quot;classic&quot;}\">\n\t\t\t\t\t\t<div class=\"elementor-container elementor-column-gap-no\">\n\t\t\t\t\t<div class=\"elementor-column elementor-col-100 elementor-inner-column elementor-element elementor-element-9ee6fbd\" data-id=\"9ee6fbd\" data-element_type=\"column\">\n\t\t\t<div class=\"elementor-widget-wrap\">\n\t\t\t\t\t\t\t<\/div>\n\t\t<\/div>\n\t\t\t\t\t<\/div>\n\t\t<\/section>\n\t\t\t\t\t<\/div>\n\t\t<\/div>\n\t\t\t\t\t<\/div>\n\t\t<\/section>\n\t\t\t\t<section class=\"elementor-section elementor-top-section elementor-element elementor-element-b68755e elementor-section-boxed elementor-section-height-default elementor-section-height-default\" data-id=\"b68755e\" data-element_type=\"section\">\n\t\t\t\t\t\t<div class=\"elementor-container elementor-column-gap-default\">\n\t\t\t\t\t<div class=\"elementor-column elementor-col-100 elementor-top-column elementor-element elementor-element-2a3f017 menu\" data-id=\"2a3f017\" data-element_type=\"column\" data-settings=\"{&quot;background_background&quot;:&quot;classic&quot;}\">\n\t\t\t<div class=\"elementor-widget-wrap elementor-element-populated\">\n\t\t\t\t\t\t<div class=\"elementor-element elementor-element-15c3be6 elementor-invisible elementor-widget elementor-widget-heading\" data-id=\"15c3be6\" data-element_type=\"widget\" data-settings=\"{&quot;_animation&quot;:&quot;fadeInUp&quot;}\" data-widget_type=\"heading.default\">\n\t\t\t\t<div class=\"elementor-widget-container\">\n\t\t\t\t\t<h2 class=\"elementor-heading-title elementor-size-default\">MEN\u00da TRADICI\u00d3N<\/h2>\t\t\t\t<\/div>\n\t\t\t\t<\/div>\n\t\t\t\t<div class=\"elementor-element elementor-element-ee47eeb elementor-invisible elementor-widget elementor-widget-heading\" data-id=\"ee47eeb\" data-element_type=\"widget\" data-settings=\"{&quot;_animation&quot;:&quot;fadeInUp&quot;}\" data-widget_type=\"heading.default\">\n\t\t\t\t<div class=\"elementor-widget-container\">\n\t\t\t\t\t<h2 class=\"elementor-heading-title elementor-size-default\"><p style=\"font-style: normal;font-weight: 400\"><span style=\"color: var( --e-global-color-primary );font-style: inherit\"><span style=\"font-size: 16px;text-transform: none;white-space: normal\">3 APERITIVOS<\/span><\/span><span style=\"color: var( --e-global-color-primary );font-style: inherit\"><\/span><\/p><\/h2>\t\t\t\t<\/div>\n\t\t\t\t<\/div>\n\t\t\t\t<div class=\"elementor-element elementor-element-a9734d9 elementor-invisible elementor-widget elementor-widget-heading\" data-id=\"a9734d9\" data-element_type=\"widget\" data-settings=\"{&quot;_animation&quot;:&quot;fadeInUp&quot;}\" data-widget_type=\"heading.default\">\n\t\t\t\t<div class=\"elementor-widget-container\">\n\t\t\t\t\t<h2 class=\"elementor-heading-title elementor-size-default\"><span style=\"font-size: 16px;text-transform: none\">Royal de foie con vermut y lima<\/span><br><span style=\"font-size: 16px;text-transform: none\">Arroz, morcilla y chorizo<\/span><br><span style=\"font-size: 16px;text-transform: none\">Croqueta de anguila ahumada<\/span><\/h2>\t\t\t\t<\/div>\n\t\t\t\t<\/div>\n\t\t\t\t<div class=\"elementor-element elementor-element-e9b198f elementor-widget elementor-widget-text-editor\" data-id=\"e9b198f\" data-element_type=\"widget\" data-widget_type=\"text-editor.default\">\n\t\t\t\t<div class=\"elementor-widget-container\">\n\t\t\t\t\t\t\t\t\t<p>***<\/p>\t\t\t\t\t\t\t\t<\/div>\n\t\t\t\t<\/div>\n\t\t\t\t<div class=\"elementor-element elementor-element-50fda5f elementor-widget elementor-widget-text-editor\" data-id=\"50fda5f\" data-element_type=\"widget\" data-widget_type=\"text-editor.default\">\n\t\t\t\t<div class=\"elementor-widget-container\">\n\t\t\t\t\t\t\t\t\t<p>Nabo en escabeche con puerro asado<\/p><p>Lubina a la brasa, col y acelgas<\/p><p><span style=\"font-style: inherit; font-weight: inherit;\">Arroz de monta\u00f1a<\/span><\/p><p>Meloso de ternera, albaricoque y frutos secos<\/p>\t\t\t\t\t\t\t\t<\/div>\n\t\t\t\t<\/div>\n\t\t\t\t<div class=\"elementor-element elementor-element-b75d9b3 elementor-widget elementor-widget-text-editor\" data-id=\"b75d9b3\" data-element_type=\"widget\" data-widget_type=\"text-editor.default\">\n\t\t\t\t<div class=\"elementor-widget-container\">\n\t\t\t\t\t\t\t\t\t<p>***<\/p>\t\t\t\t\t\t\t\t<\/div>\n\t\t\t\t<\/div>\n\t\t\t\t<div class=\"elementor-element elementor-element-aabf1a5 elementor-invisible elementor-widget elementor-widget-heading\" data-id=\"aabf1a5\" data-element_type=\"widget\" data-settings=\"{&quot;_animation&quot;:&quot;fadeInUp&quot;}\" data-widget_type=\"heading.default\">\n\t\t\t\t<div class=\"elementor-widget-container\">\n\t\t\t\t\t<h2 class=\"elementor-heading-title elementor-size-default\">Postres a elegir entre:<br><br><\/h2>\t\t\t\t<\/div>\n\t\t\t\t<\/div>\n\t\t\t\t<div class=\"elementor-element elementor-element-4934e11 elementor-widget elementor-widget-text-editor\" data-id=\"4934e11\" data-element_type=\"widget\" data-widget_type=\"text-editor.default\">\n\t\t\t\t<div class=\"elementor-widget-container\">\n\t\t\t\t\t\t\t\t\t<p style=\"text-align: center;\">Almendra, yemas, calamar azucarado y canela<\/p><p style=\"text-align: center;\"><span style=\"font-style: inherit; font-weight: inherit;\">o<\/span><\/p><p style=\"text-align: center;\">Fresas con nata y vinagre<\/p>\t\t\t\t\t\t\t\t<\/div>\n\t\t\t\t<\/div>\n\t\t\t\t<div class=\"elementor-element elementor-element-7618cd5 elementor-widget elementor-widget-text-editor\" data-id=\"7618cd5\" data-element_type=\"widget\" data-widget_type=\"text-editor.default\">\n\t\t\t\t<div class=\"elementor-widget-container\">\n\t\t\t\t\t\t\t\t\t<p style=\"text-align: center;\">***<\/p>\t\t\t\t\t\t\t\t<\/div>\n\t\t\t\t<\/div>\n\t\t\t\t<div class=\"elementor-element elementor-element-b2d2812 elementor-invisible elementor-widget elementor-widget-heading\" data-id=\"b2d2812\" data-element_type=\"widget\" data-settings=\"{&quot;_animation&quot;:&quot;fadeInUp&quot;}\" data-widget_type=\"heading.default\">\n\t\t\t\t<div class=\"elementor-widget-container\">\n\t\t\t\t\t<h2 class=\"elementor-heading-title elementor-size-default\"><p style=\"font-style: normal;font-weight: 400\"><span style=\"color: var( --e-global-color-primary );font-style: inherit\"><span style=\"font-size: 16px;text-transform: none;white-space: normal\">SURTIDO DE PAN<\/span><\/span><span style=\"color: var( --e-global-color-primary );font-style: inherit\"><\/span><\/p><\/h2>\t\t\t\t<\/div>\n\t\t\t\t<\/div>\n\t\t\t\t<div class=\"elementor-element elementor-element-967412a elementor-widget-divider--view-line elementor-widget elementor-widget-divider\" data-id=\"967412a\" data-element_type=\"widget\" data-widget_type=\"divider.default\">\n\t\t\t\t<div class=\"elementor-widget-container\">\n\t\t\t\t\t\t\t<div class=\"elementor-divider\">\n\t\t\t<span class=\"elementor-divider-separator\">\n\t\t\t\t\t\t<\/span>\n\t\t<\/div>\n\t\t\t\t\t\t<\/div>\n\t\t\t\t<\/div>\n\t\t\t\t<div class=\"elementor-element elementor-element-7a4f1fa elementor-widget elementor-widget-text-editor\" data-id=\"7a4f1fa\" data-element_type=\"widget\" data-widget_type=\"text-editor.default\">\n\t\t\t\t<div class=\"elementor-widget-container\">\n\t\t\t\t\t\t\t\t\t<p><em>El restaurante elige cada semana cu\u00e1les son los platos que se van a servir.<\/em><\/p>\t\t\t\t\t\t\t\t<\/div>\n\t\t\t\t<\/div>\n\t\t\t\t<div class=\"elementor-element elementor-element-ced3373 elementor-invisible elementor-widget elementor-widget-heading\" data-id=\"ced3373\" data-element_type=\"widget\" data-settings=\"{&quot;_animation&quot;:&quot;fadeInUp&quot;}\" data-widget_type=\"heading.default\">\n\t\t\t\t<div class=\"elementor-widget-container\">\n\t\t\t\t\t<h2 class=\"elementor-heading-title elementor-size-default\">Precio: <\/h2>\t\t\t\t<\/div>\n\t\t\t\t<\/div>\n\t\t\t\t<div class=\"elementor-element elementor-element-223cc90 elementor-widget elementor-widget-text-editor\" data-id=\"223cc90\" data-element_type=\"widget\" data-widget_type=\"text-editor.default\">\n\t\t\t\t<div class=\"elementor-widget-container\">\n\t\t\t\t\t\t\t\t\t<p>De martes a viernes a mediod\u00eda<\/p>\t\t\t\t\t\t\t\t<\/div>\n\t\t\t\t<\/div>\n\t\t\t\t<div class=\"elementor-element elementor-element-ac2f64f elementor-invisible elementor-widget elementor-widget-heading\" data-id=\"ac2f64f\" data-element_type=\"widget\" data-settings=\"{&quot;_animation&quot;:&quot;fadeInUp&quot;}\" data-widget_type=\"heading.default\">\n\t\t\t\t<div class=\"elementor-widget-container\">\n\t\t\t\t\t<h2 class=\"elementor-heading-title elementor-size-default\">49,90 \u20ac <span style=\"font-size:16px\">IVA incluido<\/span><\/h2>\t\t\t\t<\/div>\n\t\t\t\t<\/div>\n\t\t\t\t<div class=\"elementor-element elementor-element-825d21e elementor-widget elementor-widget-text-editor\" data-id=\"825d21e\" data-element_type=\"widget\" data-widget_type=\"text-editor.default\">\n\t\t\t\t<div class=\"elementor-widget-container\">\n\t\t\t\t\t\t\t\t\t<p>Viernes y s\u00e1bado por la noche<\/p>\t\t\t\t\t\t\t\t<\/div>\n\t\t\t\t<\/div>\n\t\t\t\t<div class=\"elementor-element elementor-element-89a282d elementor-invisible elementor-widget elementor-widget-heading\" data-id=\"89a282d\" data-element_type=\"widget\" data-settings=\"{&quot;_animation&quot;:&quot;fadeInUp&quot;}\" data-widget_type=\"heading.default\">\n\t\t\t\t<div class=\"elementor-widget-container\">\n\t\t\t\t\t<h2 class=\"elementor-heading-title elementor-size-default\">56,90 \u20ac <span style=\"font-size:16px\">IVA incluido<\/span><\/h2>\t\t\t\t<\/div>\n\t\t\t\t<\/div>\n\t\t\t\t<div class=\"elementor-element elementor-element-1811b51 elementor-widget elementor-widget-text-editor\" data-id=\"1811b51\" data-element_type=\"widget\" data-widget_type=\"text-editor.default\">\n\t\t\t\t<div class=\"elementor-widget-container\">\n\t\t\t\t\t\t\t\t\t<p>*Este men\u00fa no est\u00e1 disponible los s\u00e1bados a mediod\u00eda, domingos y festivos.<\/p>\t\t\t\t\t\t\t\t<\/div>\n\t\t\t\t<\/div>\n\t\t\t\t<div class=\"elementor-element elementor-element-9f24d7b elementor-widget elementor-widget-text-editor\" data-id=\"9f24d7b\" data-element_type=\"widget\" data-widget_type=\"text-editor.default\">\n\t\t\t\t<div class=\"elementor-widget-container\">\n\t\t\t\t\t\t\t\t\t<p>S\u00d3LO SE SIRVE A MESA COMPLETA<\/p>\t\t\t\t\t\t\t\t<\/div>\n\t\t\t\t<\/div>\n\t\t\t\t\t<\/div>\n\t\t<\/div>\n\t\t\t\t\t<\/div>\n\t\t<\/section>\n\t\t\t\t<\/div>\n\t\t","protected":false},"excerpt":{"rendered":"<p>MEN\u00da TRADICI\u00d3N 3 APERITIVOS Royal de foie con vermut y limaArroz, morcilla y chorizoCroqueta de anguila ahumada *** Nabo en escabeche con puerro asado Lubina a la brasa, col y acelgas Arroz de monta\u00f1a Meloso de ternera, albaricoque y frutos secos *** Postres a elegir entre: Almendra, yemas, calamar azucarado y canela o Fresas con [&hellip;]<\/p>\n","protected":false},"author":4,"featured_media":0,"parent":1276,"menu_order":0,"comment_status":"closed","ping_status":"closed","template":"","meta":{"_acf_changed":false,"site-sidebar-layout":"no-sidebar","site-content-layout":"page-builder","ast-site-content-layout":"","site-content-style":"default","site-sidebar-style":"default","ast-global-header-display":"","ast-banner-title-visibility":"","ast-main-header-display":"","ast-hfb-above-header-display":"","ast-hfb-below-header-display":"","ast-hfb-mobile-header-display":"","site-post-title":"disabled","ast-breadcrumbs-content":"","ast-featured-img":"disabled","footer-sml-layout":"","theme-transparent-header-meta":"","adv-header-id-meta":"","stick-header-meta":"","header-above-stick-meta":"","header-main-stick-meta":"","header-below-stick-meta":"","astra-migrate-meta-layouts":"default","ast-page-background-enabled":"default","ast-page-background-meta":{"desktop":{"background-color":"var(--ast-global-color-4)","background-image":"","background-repeat":"repeat","background-position":"center center","background-size":"auto","background-attachment":"scroll","background-type":"","background-media":"","overlay-type":"","overlay-color":"","overlay-opacity":"","overlay-gradient":""},"tablet":{"background-color":"","background-image":"","background-repeat":"repeat","background-position":"center center","background-size":"auto","background-attachment":"scroll","background-type":"","background-media":"","overlay-type":"","overlay-color":"","overlay-opacity":"","overlay-gradient":""},"mobile":{"background-color":"","background-image":"","background-repeat":"repeat","background-position":"center center","background-size":"auto","background-attachment":"scroll","background-type":"","background-media":"","overlay-type":"","overlay-color":"","overlay-opacity":"","overlay-gradient":""}},"ast-content-background-meta":{"desktop":{"background-color":"var(--ast-global-color-5)","background-image":"","background-repeat":"repeat","background-position":"center center","background-size":"auto","background-attachment":"scroll","background-type":"","background-media":"","overlay-type":"","overlay-color":"","overlay-opacity":"","overlay-gradient":""},"tablet":{"background-color":"var(--ast-global-color-5)","background-image":"","background-repeat":"repeat","background-position":"center center","background-size":"auto","background-attachment":"scroll","background-type":"","background-media":"","overlay-type":"","overlay-color":"","overlay-opacity":"","overlay-gradient":""},"mobile":{"background-color":"var(--ast-global-color-5)","background-image":"","background-repeat":"repeat","background-position":"center center","background-size":"auto","background-attachment":"scroll","background-type":"","background-media":"","overlay-type":"","overlay-color":"","overlay-opacity":"","overlay-gradient":""}},"footnotes":""},"class_list":["post-1435","page","type-page","status-publish","hentry"],"acf":[],"yoast_head":"<!-- This site is optimized with the Yoast SEO plugin v26.6 - https:\/\/yoast.com\/wordpress\/plugins\/seo\/ -->\n<title>Men\u00fa TRADICI\u00d3N - Les Moles<\/title>\n<meta name=\"robots\" content=\"index, follow, max-snippet:-1, max-image-preview:large, max-video-preview:-1\" \/>\n<link rel=\"canonical\" href=\"https:\/\/lesmoles.com\/es\/restaurant-2\/menus\/menu-tradicio\/\" \/>\n<meta property=\"og:locale\" content=\"es_ES\" \/>\n<meta property=\"og:type\" content=\"article\" \/>\n<meta property=\"og:title\" content=\"Men\u00fa TRADICI\u00d3N - Les Moles\" \/>\n<meta property=\"og:description\" content=\"MEN\u00da TRADICI\u00d3N 3 APERITIVOS Royal de foie con vermut y limaArroz, morcilla y chorizoCroqueta de anguila ahumada *** Nabo en escabeche con puerro asado Lubina a la brasa, col y acelgas Arroz de monta\u00f1a Meloso de ternera, albaricoque y frutos secos *** Postres a elegir entre: Almendra, yemas, calamar azucarado y canela o Fresas con [&hellip;]\" \/>\n<meta property=\"og:url\" content=\"https:\/\/lesmoles.com\/es\/restaurant-2\/menus\/menu-tradicio\/\" \/>\n<meta property=\"og:site_name\" content=\"Les Moles\" \/>\n<meta property=\"article:modified_time\" content=\"2026-04-28T07:47:49+00:00\" \/>\n<meta name=\"twitter:card\" content=\"summary_large_image\" \/>\n<meta name=\"twitter:label1\" content=\"Tiempo de lectura\" \/>\n\t<meta name=\"twitter:data1\" content=\"1 minuto\" \/>\n<script type=\"application\/ld+json\" class=\"yoast-schema-graph\">{\"@context\":\"https:\/\/schema.org\",\"@graph\":[{\"@type\":\"WebPage\",\"@id\":\"https:\/\/lesmoles.com\/es\/restaurant-2\/menus\/menu-tradicio\/\",\"url\":\"https:\/\/lesmoles.com\/es\/restaurant-2\/menus\/menu-tradicio\/\",\"name\":\"Men\u00fa TRADICI\u00d3N - Les Moles\",\"isPartOf\":{\"@id\":\"https:\/\/lesmoles.com\/#website\"},\"datePublished\":\"2021-12-29T11:51:51+00:00\",\"dateModified\":\"2026-04-28T07:47:49+00:00\",\"breadcrumb\":{\"@id\":\"https:\/\/lesmoles.com\/es\/restaurant-2\/menus\/menu-tradicio\/#breadcrumb\"},\"inLanguage\":\"es\",\"potentialAction\":[{\"@type\":\"ReadAction\",\"target\":[\"https:\/\/lesmoles.com\/es\/restaurant-2\/menus\/menu-tradicio\/\"]}]},{\"@type\":\"BreadcrumbList\",\"@id\":\"https:\/\/lesmoles.com\/es\/restaurant-2\/menus\/menu-tradicio\/#breadcrumb\",\"itemListElement\":[{\"@type\":\"ListItem\",\"position\":1,\"name\":\"Inici\",\"item\":\"https:\/\/lesmoles.com\/es\/\"},{\"@type\":\"ListItem\",\"position\":2,\"name\":\"Restaurante\",\"item\":\"https:\/\/lesmoles.com\/es\/restaurant-2\/\"},{\"@type\":\"ListItem\",\"position\":3,\"name\":\"Men\u00fas\",\"item\":\"https:\/\/lesmoles.com\/es\/restaurant-2\/menus\/\"},{\"@type\":\"ListItem\",\"position\":4,\"name\":\"Men\u00fa TRADICI\u00d3N\"}]},{\"@type\":\"WebSite\",\"@id\":\"https:\/\/lesmoles.com\/#website\",\"url\":\"https:\/\/lesmoles.com\/\",\"name\":\"Les Moles\",\"description\":\"Restaurante les Moles en Tarragona, Ulldecona Ctra. La S\u00e9nia, Km. 2. Ofreceros una experiencia gastron\u00f3mica \u00fanica..\",\"publisher\":{\"@id\":\"https:\/\/lesmoles.com\/#organization\"},\"potentialAction\":[{\"@type\":\"SearchAction\",\"target\":{\"@type\":\"EntryPoint\",\"urlTemplate\":\"https:\/\/lesmoles.com\/?s={search_term_string}\"},\"query-input\":{\"@type\":\"PropertyValueSpecification\",\"valueRequired\":true,\"valueName\":\"search_term_string\"}}],\"inLanguage\":\"es\"},{\"@type\":\"Organization\",\"@id\":\"https:\/\/lesmoles.com\/#organization\",\"name\":\"Les Moles\",\"url\":\"https:\/\/lesmoles.com\/\",\"logo\":{\"@type\":\"ImageObject\",\"inLanguage\":\"es\",\"@id\":\"https:\/\/lesmoles.com\/#\/schema\/logo\/image\/\",\"url\":\"https:\/\/lesmoles.com\/wp-content\/uploads\/2021\/12\/cropped-Les-Moles-Restaurant_transparent.png\",\"contentUrl\":\"https:\/\/lesmoles.com\/wp-content\/uploads\/2021\/12\/cropped-Les-Moles-Restaurant_transparent.png\",\"width\":512,\"height\":512,\"caption\":\"Les Moles\"},\"image\":{\"@id\":\"https:\/\/lesmoles.com\/#\/schema\/logo\/image\/\"}}]}<\/script>\n<!-- \/ Yoast SEO plugin. -->","yoast_head_json":{"title":"Men\u00fa TRADICI\u00d3N - Les Moles","robots":{"index":"index","follow":"follow","max-snippet":"max-snippet:-1","max-image-preview":"max-image-preview:large","max-video-preview":"max-video-preview:-1"},"canonical":"https:\/\/lesmoles.com\/es\/restaurant-2\/menus\/menu-tradicio\/","og_locale":"es_ES","og_type":"article","og_title":"Men\u00fa TRADICI\u00d3N - Les Moles","og_description":"MEN\u00da TRADICI\u00d3N 3 APERITIVOS Royal de foie con vermut y limaArroz, morcilla y chorizoCroqueta de anguila ahumada *** Nabo en escabeche con puerro asado Lubina a la brasa, col y acelgas Arroz de monta\u00f1a Meloso de ternera, albaricoque y frutos secos *** Postres a elegir entre: Almendra, yemas, calamar azucarado y canela o Fresas con [&hellip;]","og_url":"https:\/\/lesmoles.com\/es\/restaurant-2\/menus\/menu-tradicio\/","og_site_name":"Les Moles","article_modified_time":"2026-04-28T07:47:49+00:00","twitter_card":"summary_large_image","twitter_misc":{"Tiempo de lectura":"1 minuto"},"schema":{"@context":"https:\/\/schema.org","@graph":[{"@type":"WebPage","@id":"https:\/\/lesmoles.com\/es\/restaurant-2\/menus\/menu-tradicio\/","url":"https:\/\/lesmoles.com\/es\/restaurant-2\/menus\/menu-tradicio\/","name":"Men\u00fa TRADICI\u00d3N - Les Moles","isPartOf":{"@id":"https:\/\/lesmoles.com\/#website"},"datePublished":"2021-12-29T11:51:51+00:00","dateModified":"2026-04-28T07:47:49+00:00","breadcrumb":{"@id":"https:\/\/lesmoles.com\/es\/restaurant-2\/menus\/menu-tradicio\/#breadcrumb"},"inLanguage":"es","potentialAction":[{"@type":"ReadAction","target":["https:\/\/lesmoles.com\/es\/restaurant-2\/menus\/menu-tradicio\/"]}]},{"@type":"BreadcrumbList","@id":"https:\/\/lesmoles.com\/es\/restaurant-2\/menus\/menu-tradicio\/#breadcrumb","itemListElement":[{"@type":"ListItem","position":1,"name":"Inici","item":"https:\/\/lesmoles.com\/es\/"},{"@type":"ListItem","position":2,"name":"Restaurante","item":"https:\/\/lesmoles.com\/es\/restaurant-2\/"},{"@type":"ListItem","position":3,"name":"Men\u00fas","item":"https:\/\/lesmoles.com\/es\/restaurant-2\/menus\/"},{"@type":"ListItem","position":4,"name":"Men\u00fa TRADICI\u00d3N"}]},{"@type":"WebSite","@id":"https:\/\/lesmoles.com\/#website","url":"https:\/\/lesmoles.com\/","name":"Les Moles","description":"Restaurante les Moles en Tarragona, Ulldecona Ctra. La S\u00e9nia, Km. 2. Ofreceros una experiencia gastron\u00f3mica \u00fanica..","publisher":{"@id":"https:\/\/lesmoles.com\/#organization"},"potentialAction":[{"@type":"SearchAction","target":{"@type":"EntryPoint","urlTemplate":"https:\/\/lesmoles.com\/?s={search_term_string}"},"query-input":{"@type":"PropertyValueSpecification","valueRequired":true,"valueName":"search_term_string"}}],"inLanguage":"es"},{"@type":"Organization","@id":"https:\/\/lesmoles.com\/#organization","name":"Les Moles","url":"https:\/\/lesmoles.com\/","logo":{"@type":"ImageObject","inLanguage":"es","@id":"https:\/\/lesmoles.com\/#\/schema\/logo\/image\/","url":"https:\/\/lesmoles.com\/wp-content\/uploads\/2021\/12\/cropped-Les-Moles-Restaurant_transparent.png","contentUrl":"https:\/\/lesmoles.com\/wp-content\/uploads\/2021\/12\/cropped-Les-Moles-Restaurant_transparent.png","width":512,"height":512,"caption":"Les Moles"},"image":{"@id":"https:\/\/lesmoles.com\/#\/schema\/logo\/image\/"}}]}},"publishpress_future_action":{"enabled":false,"date":"2026-05-10 15:37:53","action":"change-status","newStatus":"draft","terms":[],"taxonomy":"translation_priority","extraData":[]},"publishpress_future_workflow_manual_trigger":{"enabledWorkflows":[]},"_links":{"self":[{"href":"https:\/\/lesmoles.com\/es\/wp-json\/wp\/v2\/pages\/1435","targetHints":{"allow":["GET"]}}],"collection":[{"href":"https:\/\/lesmoles.com\/es\/wp-json\/wp\/v2\/pages"}],"about":[{"href":"https:\/\/lesmoles.com\/es\/wp-json\/wp\/v2\/types\/page"}],"author":[{"embeddable":true,"href":"https:\/\/lesmoles.com\/es\/wp-json\/wp\/v2\/users\/4"}],"replies":[{"embeddable":true,"href":"https:\/\/lesmoles.com\/es\/wp-json\/wp\/v2\/comments?post=1435"}],"version-history":[{"count":669,"href":"https:\/\/lesmoles.com\/es\/wp-json\/wp\/v2\/pages\/1435\/revisions"}],"predecessor-version":[{"id":13268,"href":"https:\/\/lesmoles.com\/es\/wp-json\/wp\/v2\/pages\/1435\/revisions\/13268"}],"up":[{"embeddable":true,"href":"https:\/\/lesmoles.com\/es\/wp-json\/wp\/v2\/pages\/1276"}],"wp:attachment":[{"href":"https:\/\/lesmoles.com\/es\/wp-json\/wp\/v2\/media?parent=1435"}],"curies":[{"name":"wp","href":"https:\/\/api.w.org\/{rel}","templated":true}]}}