{"id":1367,"date":"2021-12-29T10:59:01","date_gmt":"2021-12-29T10:59:01","guid":{"rendered":"https:\/\/lesmoles.t1.curious.tech\/producto\/menu-el-cami-que-hem-fet\/"},"modified":"2026-04-17T20:23:24","modified_gmt":"2026-04-17T18:23:24","slug":"menu-el-cami-que-hem-fet","status":"publish","type":"product","link":"https:\/\/lesmoles.com\/es\/producto\/menu-el-cami-que-hem-fet\/","title":{"rendered":"Men\u00fa \u00abEL CAM\u00cd QUE HEM FET\u00bb per 2 persones"},"content":{"rendered":"<p>30 creacions de la hist\u00f2ria de Les Moles.<\/p>\n<p>1 ampolla de vi o cava i caf\u00e8s.<\/p>\n<p>Tot per a 2 persones.<\/p>\n<p>&nbsp;<\/p>\n<p><span style=\"font-family: Arial, Helvetica, sans-serif;\"><em>*<\/em><\/span><span style=\"font-family: Arial, Helvetica, sans-serif;\"><em> Per poder gaudir del regal \u00e9s imprescindible presentar aquest document impr\u00e8s al restaurant.\u00a0<\/em><\/span><em style=\"font -family: Arial, Helvetica, sans-serif;\">En cas contrari caldr\u00e0 abonar el preu del men\u00fa consumit.<\/em><\/p>\n<p><span style=\"font-family: Arial, Helvetica, sans-serif;\"><em>** Tots els nostres pack regal tenen una caducitat d&#8217;un any a partir del dia de la compra.<\/em><\/span><\/p>\n","protected":false},"excerpt":{"rendered":"<p>30 creacions de la hist\u00f2ria de Les Moles. 1 ampolla de vi o cava i caf\u00e8s. Tot per a 2 persones. &nbsp; * Per poder gaudir del regal \u00e9s imprescindible presentar aquest document impr\u00e8s al restaurant.\u00a0En cas contrari caldr\u00e0 abonar el preu del men\u00fa consumit. ** Tots els nostres pack regal tenen una caducitat d&#8217;un [&hellip;]<\/p>\n","protected":false},"featured_media":6595,"comment_status":"open","ping_status":"closed","template":"","meta":{"_acf_changed":false,"site-sidebar-layout":"default","site-content-layout":"default","ast-site-content-layout":"default","site-content-style":"default","site-sidebar-style":"default","ast-global-header-display":"","ast-banner-title-visibility":"","ast-main-header-display":"","ast-hfb-above-header-display":"","ast-hfb-below-header-display":"","ast-hfb-mobile-header-display":"","site-post-title":"","ast-breadcrumbs-content":"","ast-featured-img":"","footer-sml-layout":"","theme-transparent-header-meta":"default","adv-header-id-meta":"","stick-header-meta":"","header-above-stick-meta":"","header-main-stick-meta":"","header-below-stick-meta":"","astra-migrate-meta-layouts":"set","ast-page-background-enabled":"default","ast-page-background-meta":{"desktop":{"background-color":"var(--ast-global-color-4)","background-image":"","background-repeat":"repeat","background-position":"center center","background-size":"auto","background-attachment":"scroll","background-type":"","background-media":"","overlay-type":"","overlay-color":"","overlay-opacity":"","overlay-gradient":""},"tablet":{"background-color":"","background-image":"","background-repeat":"repeat","background-position":"center center","background-size":"auto","background-attachment":"scroll","background-type":"","background-media":"","overlay-type":"","overlay-color":"","overlay-opacity":"","overlay-gradient":""},"mobile":{"background-color":"","background-image":"","background-repeat":"repeat","background-position":"center center","background-size":"auto","background-attachment":"scroll","background-type":"","background-media":"","overlay-type":"","overlay-color":"","overlay-opacity":"","overlay-gradient":""}},"ast-content-background-meta":{"desktop":{"background-color":"var(--ast-global-color-5)","background-image":"","background-repeat":"repeat","background-position":"center center","background-size":"auto","background-attachment":"scroll","background-type":"","background-media":"","overlay-type":"","overlay-color":"","overlay-opacity":"","overlay-gradient":""},"tablet":{"background-color":"var(--ast-global-color-5)","background-image":"","background-repeat":"repeat","background-position":"center center","background-size":"auto","background-attachment":"scroll","background-type":"","background-media":"","overlay-type":"","overlay-color":"","overlay-opacity":"","overlay-gradient":""},"mobile":{"background-color":"var(--ast-global-color-5)","background-image":"","background-repeat":"repeat","background-position":"center center","background-size":"auto","background-attachment":"scroll","background-type":"","background-media":"","overlay-type":"","overlay-color":"","overlay-opacity":"","overlay-gradient":""}}},"product_brand":[],"product_cat":[48],"product_tag":[],"class_list":{"0":"post-1367","1":"product","2":"type-product","3":"status-publish","4":"has-post-thumbnail","6":"product_cat-esperiencias-les-moles","7":"desktop-align-left","8":"tablet-align-left","9":"mobile-align-left","11":"first","12":"instock","13":"virtual","14":"purchasable","15":"product-type-simple"},"acf":[],"yoast_head":"<!-- This site is optimized with the Yoast SEO plugin v26.6 - https:\/\/yoast.com\/wordpress\/plugins\/seo\/ -->\n<title>Men\u00fa &quot;EL CAM\u00cd QUE HEM FET&quot; per 2 persones - Les Moles<\/title>\n<meta name=\"robots\" content=\"index, follow, max-snippet:-1, max-image-preview:large, max-video-preview:-1\" \/>\n<link rel=\"canonical\" href=\"https:\/\/lesmoles.com\/es\/producto\/menu-el-cami-que-hem-fet\/\" \/>\n<meta property=\"og:locale\" content=\"es_ES\" \/>\n<meta property=\"og:type\" content=\"article\" \/>\n<meta property=\"og:title\" content=\"Men\u00fa &quot;EL CAM\u00cd QUE HEM FET&quot; per 2 persones - Les Moles\" \/>\n<meta property=\"og:description\" content=\"30 creacions de la hist\u00f2ria de Les Moles. 1 ampolla de vi o cava i caf\u00e8s. Tot per a 2 persones. &nbsp; * Per poder gaudir del regal \u00e9s imprescindible presentar aquest document impr\u00e8s al restaurant.\u00a0En cas contrari caldr\u00e0 abonar el preu del men\u00fa consumit. ** Tots els nostres pack regal tenen una caducitat d&#8217;un [&hellip;]\" \/>\n<meta property=\"og:url\" content=\"https:\/\/lesmoles.com\/es\/producto\/menu-el-cami-que-hem-fet\/\" \/>\n<meta property=\"og:site_name\" content=\"Les Moles\" \/>\n<meta property=\"article:modified_time\" content=\"2026-04-17T18:23:24+00:00\" \/>\n<meta property=\"og:image\" content=\"https:\/\/lesmoles.com\/wp-content\/uploads\/2021\/12\/2023_elcami.jpg\" \/>\n\t<meta property=\"og:image:width\" content=\"567\" \/>\n\t<meta property=\"og:image:height\" content=\"567\" \/>\n\t<meta property=\"og:image:type\" content=\"image\/jpeg\" \/>\n<meta name=\"twitter:card\" content=\"summary_large_image\" \/>\n<meta name=\"twitter:label1\" content=\"Tiempo de lectura\" \/>\n\t<meta name=\"twitter:data1\" content=\"1 minuto\" \/>\n<script type=\"application\/ld+json\" class=\"yoast-schema-graph\">{\"@context\":\"https:\/\/schema.org\",\"@graph\":[{\"@type\":\"WebPage\",\"@id\":\"https:\/\/lesmoles.com\/es\/producto\/menu-el-cami-que-hem-fet\/\",\"url\":\"https:\/\/lesmoles.com\/es\/producto\/menu-el-cami-que-hem-fet\/\",\"name\":\"Men\u00fa \\\"EL CAM\u00cd QUE HEM FET\\\" per 2 persones - Les Moles\",\"isPartOf\":{\"@id\":\"https:\/\/lesmoles.com\/#website\"},\"primaryImageOfPage\":{\"@id\":\"https:\/\/lesmoles.com\/es\/producto\/menu-el-cami-que-hem-fet\/#primaryimage\"},\"image\":{\"@id\":\"https:\/\/lesmoles.com\/es\/producto\/menu-el-cami-que-hem-fet\/#primaryimage\"},\"thumbnailUrl\":\"https:\/\/lesmoles.com\/wp-content\/uploads\/2021\/12\/2023_elcami.jpg\",\"datePublished\":\"2021-12-29T10:59:01+00:00\",\"dateModified\":\"2026-04-17T18:23:24+00:00\",\"breadcrumb\":{\"@id\":\"https:\/\/lesmoles.com\/es\/producto\/menu-el-cami-que-hem-fet\/#breadcrumb\"},\"inLanguage\":\"es\",\"potentialAction\":[{\"@type\":\"ReadAction\",\"target\":[\"https:\/\/lesmoles.com\/es\/producto\/menu-el-cami-que-hem-fet\/\"]}]},{\"@type\":\"ImageObject\",\"inLanguage\":\"es\",\"@id\":\"https:\/\/lesmoles.com\/es\/producto\/menu-el-cami-que-hem-fet\/#primaryimage\",\"url\":\"https:\/\/lesmoles.com\/wp-content\/uploads\/2021\/12\/2023_elcami.jpg\",\"contentUrl\":\"https:\/\/lesmoles.com\/wp-content\/uploads\/2021\/12\/2023_elcami.jpg\",\"width\":567,\"height\":567},{\"@type\":\"BreadcrumbList\",\"@id\":\"https:\/\/lesmoles.com\/es\/producto\/menu-el-cami-que-hem-fet\/#breadcrumb\",\"itemListElement\":[{\"@type\":\"ListItem\",\"position\":1,\"name\":\"Inici\",\"item\":\"https:\/\/lesmoles.com\/es\/\"},{\"@type\":\"ListItem\",\"position\":2,\"name\":\"Tienda\",\"item\":\"https:\/\/lesmoles.com\/tienda\/\"},{\"@type\":\"ListItem\",\"position\":3,\"name\":\"Men\u00fa &#8220;EL CAM\u00cd QUE HEM FET&#8221; per 2 persones\"}]},{\"@type\":\"WebSite\",\"@id\":\"https:\/\/lesmoles.com\/#website\",\"url\":\"https:\/\/lesmoles.com\/\",\"name\":\"Les Moles\",\"description\":\"Restaurante les Moles en Tarragona, Ulldecona Ctra. La S\u00e9nia, Km. 2. Ofreceros una experiencia gastron\u00f3mica \u00fanica..\",\"publisher\":{\"@id\":\"https:\/\/lesmoles.com\/#organization\"},\"potentialAction\":[{\"@type\":\"SearchAction\",\"target\":{\"@type\":\"EntryPoint\",\"urlTemplate\":\"https:\/\/lesmoles.com\/?s={search_term_string}\"},\"query-input\":{\"@type\":\"PropertyValueSpecification\",\"valueRequired\":true,\"valueName\":\"search_term_string\"}}],\"inLanguage\":\"es\"},{\"@type\":\"Organization\",\"@id\":\"https:\/\/lesmoles.com\/#organization\",\"name\":\"Les Moles\",\"url\":\"https:\/\/lesmoles.com\/\",\"logo\":{\"@type\":\"ImageObject\",\"inLanguage\":\"es\",\"@id\":\"https:\/\/lesmoles.com\/#\/schema\/logo\/image\/\",\"url\":\"https:\/\/lesmoles.com\/wp-content\/uploads\/2021\/12\/cropped-Les-Moles-Restaurant_transparent.png\",\"contentUrl\":\"https:\/\/lesmoles.com\/wp-content\/uploads\/2021\/12\/cropped-Les-Moles-Restaurant_transparent.png\",\"width\":512,\"height\":512,\"caption\":\"Les Moles\"},\"image\":{\"@id\":\"https:\/\/lesmoles.com\/#\/schema\/logo\/image\/\"}}]}<\/script>\n<!-- \/ Yoast SEO plugin. -->","yoast_head_json":{"title":"Men\u00fa \"EL CAM\u00cd QUE HEM FET\" per 2 persones - Les Moles","robots":{"index":"index","follow":"follow","max-snippet":"max-snippet:-1","max-image-preview":"max-image-preview:large","max-video-preview":"max-video-preview:-1"},"canonical":"https:\/\/lesmoles.com\/es\/producto\/menu-el-cami-que-hem-fet\/","og_locale":"es_ES","og_type":"article","og_title":"Men\u00fa \"EL CAM\u00cd QUE HEM FET\" per 2 persones - Les Moles","og_description":"30 creacions de la hist\u00f2ria de Les Moles. 1 ampolla de vi o cava i caf\u00e8s. Tot per a 2 persones. &nbsp; * Per poder gaudir del regal \u00e9s imprescindible presentar aquest document impr\u00e8s al restaurant.\u00a0En cas contrari caldr\u00e0 abonar el preu del men\u00fa consumit. ** Tots els nostres pack regal tenen una caducitat d&#8217;un [&hellip;]","og_url":"https:\/\/lesmoles.com\/es\/producto\/menu-el-cami-que-hem-fet\/","og_site_name":"Les Moles","article_modified_time":"2026-04-17T18:23:24+00:00","og_image":[{"width":567,"height":567,"url":"https:\/\/lesmoles.com\/wp-content\/uploads\/2021\/12\/2023_elcami.jpg","type":"image\/jpeg"}],"twitter_card":"summary_large_image","twitter_misc":{"Tiempo de lectura":"1 minuto"},"schema":{"@context":"https:\/\/schema.org","@graph":[{"@type":"WebPage","@id":"https:\/\/lesmoles.com\/es\/producto\/menu-el-cami-que-hem-fet\/","url":"https:\/\/lesmoles.com\/es\/producto\/menu-el-cami-que-hem-fet\/","name":"Men\u00fa \"EL CAM\u00cd QUE HEM FET\" per 2 persones - Les Moles","isPartOf":{"@id":"https:\/\/lesmoles.com\/#website"},"primaryImageOfPage":{"@id":"https:\/\/lesmoles.com\/es\/producto\/menu-el-cami-que-hem-fet\/#primaryimage"},"image":{"@id":"https:\/\/lesmoles.com\/es\/producto\/menu-el-cami-que-hem-fet\/#primaryimage"},"thumbnailUrl":"https:\/\/lesmoles.com\/wp-content\/uploads\/2021\/12\/2023_elcami.jpg","datePublished":"2021-12-29T10:59:01+00:00","dateModified":"2026-04-17T18:23:24+00:00","breadcrumb":{"@id":"https:\/\/lesmoles.com\/es\/producto\/menu-el-cami-que-hem-fet\/#breadcrumb"},"inLanguage":"es","potentialAction":[{"@type":"ReadAction","target":["https:\/\/lesmoles.com\/es\/producto\/menu-el-cami-que-hem-fet\/"]}]},{"@type":"ImageObject","inLanguage":"es","@id":"https:\/\/lesmoles.com\/es\/producto\/menu-el-cami-que-hem-fet\/#primaryimage","url":"https:\/\/lesmoles.com\/wp-content\/uploads\/2021\/12\/2023_elcami.jpg","contentUrl":"https:\/\/lesmoles.com\/wp-content\/uploads\/2021\/12\/2023_elcami.jpg","width":567,"height":567},{"@type":"BreadcrumbList","@id":"https:\/\/lesmoles.com\/es\/producto\/menu-el-cami-que-hem-fet\/#breadcrumb","itemListElement":[{"@type":"ListItem","position":1,"name":"Inici","item":"https:\/\/lesmoles.com\/es\/"},{"@type":"ListItem","position":2,"name":"Tienda","item":"https:\/\/lesmoles.com\/tienda\/"},{"@type":"ListItem","position":3,"name":"Men\u00fa &#8220;EL CAM\u00cd QUE HEM FET&#8221; per 2 persones"}]},{"@type":"WebSite","@id":"https:\/\/lesmoles.com\/#website","url":"https:\/\/lesmoles.com\/","name":"Les Moles","description":"Restaurante les Moles en Tarragona, Ulldecona Ctra. La S\u00e9nia, Km. 2. Ofreceros una experiencia gastron\u00f3mica \u00fanica..","publisher":{"@id":"https:\/\/lesmoles.com\/#organization"},"potentialAction":[{"@type":"SearchAction","target":{"@type":"EntryPoint","urlTemplate":"https:\/\/lesmoles.com\/?s={search_term_string}"},"query-input":{"@type":"PropertyValueSpecification","valueRequired":true,"valueName":"search_term_string"}}],"inLanguage":"es"},{"@type":"Organization","@id":"https:\/\/lesmoles.com\/#organization","name":"Les Moles","url":"https:\/\/lesmoles.com\/","logo":{"@type":"ImageObject","inLanguage":"es","@id":"https:\/\/lesmoles.com\/#\/schema\/logo\/image\/","url":"https:\/\/lesmoles.com\/wp-content\/uploads\/2021\/12\/cropped-Les-Moles-Restaurant_transparent.png","contentUrl":"https:\/\/lesmoles.com\/wp-content\/uploads\/2021\/12\/cropped-Les-Moles-Restaurant_transparent.png","width":512,"height":512,"caption":"Les Moles"},"image":{"@id":"https:\/\/lesmoles.com\/#\/schema\/logo\/image\/"}}]}},"publishpress_future_action":{"enabled":false,"date":"2026-06-03 17:29:05","action":"change-status","newStatus":"draft","terms":[],"taxonomy":"product_visibility","extraData":[]},"publishpress_future_workflow_manual_trigger":{"enabledWorkflows":[]},"_links":{"self":[{"href":"https:\/\/lesmoles.com\/es\/wp-json\/wp\/v2\/product\/1367","targetHints":{"allow":["GET"]}}],"collection":[{"href":"https:\/\/lesmoles.com\/es\/wp-json\/wp\/v2\/product"}],"about":[{"href":"https:\/\/lesmoles.com\/es\/wp-json\/wp\/v2\/types\/product"}],"replies":[{"embeddable":true,"href":"https:\/\/lesmoles.com\/es\/wp-json\/wp\/v2\/comments?post=1367"}],"wp:featuredmedia":[{"embeddable":true,"href":"https:\/\/lesmoles.com\/es\/wp-json\/wp\/v2\/media\/6595"}],"wp:attachment":[{"href":"https:\/\/lesmoles.com\/es\/wp-json\/wp\/v2\/media?parent=1367"}],"wp:term":[{"taxonomy":"product_brand","embeddable":true,"href":"https:\/\/lesmoles.com\/es\/wp-json\/wp\/v2\/product_brand?post=1367"},{"taxonomy":"product_cat","embeddable":true,"href":"https:\/\/lesmoles.com\/es\/wp-json\/wp\/v2\/product_cat?post=1367"},{"taxonomy":"product_tag","embeddable":true,"href":"https:\/\/lesmoles.com\/es\/wp-json\/wp\/v2\/product_tag?post=1367"}],"curies":[{"name":"wp","href":"https:\/\/api.w.org\/{rel}","templated":true}]}}