{"id":11861,"date":"2025-04-10T11:08:18","date_gmt":"2025-04-10T09:08:18","guid":{"rendered":"https:\/\/lesmoles.com\/restaurant\/menus\/menu-terra-incognita\/"},"modified":"2026-04-17T19:05:10","modified_gmt":"2026-04-17T17:05:10","slug":"menu-terra-incognita","status":"publish","type":"page","link":"https:\/\/lesmoles.com\/fr\/restaurant\/menus\/menu-terra-incognita\/","title":{"rendered":"Menu 4"},"content":{"rendered":"\t\t<div data-elementor-type=\"wp-page\" data-elementor-id=\"11861\" class=\"elementor elementor-11861 elementor-11833\" data-elementor-post-type=\"page\">\n\t\t\t\t\t\t<section class=\"elementor-section elementor-top-section elementor-element elementor-element-860cbbe elementor-section-full_width elementor-section-height-min-height elementor-section-height-default elementor-section-items-middle\" data-id=\"860cbbe\" data-element_type=\"section\">\n\t\t\t\t\t\t<div class=\"elementor-container elementor-column-gap-no\">\n\t\t\t\t\t<div class=\"elementor-column elementor-col-100 elementor-top-column elementor-element elementor-element-2045c9b\" data-id=\"2045c9b\" data-element_type=\"column\">\n\t\t\t<div class=\"elementor-widget-wrap elementor-element-populated\">\n\t\t\t\t\t\t<div class=\"elementor-element elementor-element-f823339 elementor-widget elementor-widget-image\" data-id=\"f823339\" data-element_type=\"widget\" data-widget_type=\"image.default\">\n\t\t\t\t<div class=\"elementor-widget-container\">\n\t\t\t\t\t\t\t\t\t\t\t\t\t\t\t<img fetchpriority=\"high\" decoding=\"async\" width=\"2560\" height=\"2048\" src=\"https:\/\/lesmoles.com\/wp-content\/uploads\/2026\/04\/brasa-wagyu-scaled.jpg\" class=\"attachment-full size-full wp-image-13168\" alt=\"\" srcset=\"https:\/\/lesmoles.com\/wp-content\/uploads\/2026\/04\/brasa-wagyu-scaled.jpg 2560w, https:\/\/lesmoles.com\/wp-content\/uploads\/2026\/04\/brasa-wagyu-300x240.jpg 300w, https:\/\/lesmoles.com\/wp-content\/uploads\/2026\/04\/brasa-wagyu-1024x819.jpg 1024w, https:\/\/lesmoles.com\/wp-content\/uploads\/2026\/04\/brasa-wagyu-768x614.jpg 768w, https:\/\/lesmoles.com\/wp-content\/uploads\/2026\/04\/brasa-wagyu-1536x1229.jpg 1536w, https:\/\/lesmoles.com\/wp-content\/uploads\/2026\/04\/brasa-wagyu-2048x1638.jpg 2048w, https:\/\/lesmoles.com\/wp-content\/uploads\/2026\/04\/brasa-wagyu-600x480.jpg 600w\" sizes=\"(max-width: 2560px) 100vw, 2560px\" \/>\t\t\t\t\t\t\t\t\t\t\t\t\t\t\t<\/div>\n\t\t\t\t<\/div>\n\t\t\t\t\t<\/div>\n\t\t<\/div>\n\t\t\t\t\t<\/div>\n\t\t<\/section>\n\t\t\t\t<section class=\"elementor-section elementor-top-section elementor-element elementor-element-b68755e elementor-section-boxed elementor-section-height-default elementor-section-height-default\" data-id=\"b68755e\" data-element_type=\"section\">\n\t\t\t\t\t\t<div class=\"elementor-container elementor-column-gap-default\">\n\t\t\t\t\t<div class=\"elementor-column elementor-col-100 elementor-top-column elementor-element elementor-element-2a3f017 menu\" data-id=\"2a3f017\" data-element_type=\"column\" data-settings=\"{&quot;background_background&quot;:&quot;classic&quot;}\">\n\t\t\t<div class=\"elementor-widget-wrap elementor-element-populated\">\n\t\t\t\t\t\t<div class=\"elementor-element elementor-element-dd14367 elementor-invisible elementor-widget elementor-widget-heading\" data-id=\"dd14367\" data-element_type=\"widget\" data-settings=\"{&quot;_animation&quot;:&quot;fadeInUp&quot;}\" data-widget_type=\"heading.default\">\n\t\t\t\t<div class=\"elementor-widget-container\">\n\t\t\t\t\t<h2 class=\"elementor-heading-title elementor-size-default\">Menu 4<\/h2>\t\t\t\t<\/div>\n\t\t\t\t<\/div>\n\t\t\t\t<div class=\"elementor-element elementor-element-ebf12bb elementor-invisible elementor-widget elementor-widget-heading\" data-id=\"ebf12bb\" data-element_type=\"widget\" data-settings=\"{&quot;_animation&quot;:&quot;fadeInUp&quot;}\" data-widget_type=\"heading.default\">\n\t\t\t\t<div class=\"elementor-widget-container\">\n\t\t\t\t\t<h2 class=\"elementor-heading-title elementor-size-default\"><b>Exp\u00e9rience I+D<\/b><br>Les 4 compagnons de voyage<br><br><b>Les 4 \u00e9l\u00e9ments<\/b><br>Huile d\u2019Olive Extra Vierge <i>(Huile d\u2019Olive Extra Vierge SANT LLUC LES MOLES)<\/i><br>L\u00e9gumes<br>Merlan bleu<br>Wagyu<br><br><b>Les 4 du P\u00f4tager<\/b><br>Betterave, fenouil et petits pois <i>(HUILE D\u2019OLIVE VIERGE ROJAL PRIORDEI)<\/i><br>Tomate d\u2019hiver et olive (une vari\u00e9t\u00e9 que l\u2019on suspend pour sa conservation)<br>Tomates d\u2019\u00e9t\u00e9 <i>(HUILE D\u2019OLIVE EXTRA VIERGE SANT LLUC LES MOLES)<\/i><br>Omelette aux \u201cborraxets\u201d<br><br><b>Les 4 du Merlan Bleu<\/b><br>Fum\u00e9 <i>(HUILE D\u2019OLIVE EXTRA VIERGE MORRUDA LACRIMA OLEA)<\/i><br>Int\u00e9rieurs<br>Conserve<br>Grillade<br><br><b>Les 4 du Wagyu<\/b><br>Fricandeau<br>Soubressade<br>Rago\u00fbt<br>Grillade<br><br><b>Les 4 Desserts<\/b><br>Chou-fleur <i>(HUILE D\u2019OLIVE EXTRA VIERGE FARGA LACRIMA OLEA)<\/i><br>F\u00e8ves <i>(HUILE D\u2019OLIVE EXTRA VIERGE SEVILLENCA LACRIMA OLEA)<\/i><br>Caroube <br>Chocolats du potager<\/h2>\t\t\t\t<\/div>\n\t\t\t\t<\/div>\n\t\t\t\t<div class=\"elementor-element elementor-element-ced3373 elementor-invisible elementor-widget elementor-widget-heading\" data-id=\"ced3373\" data-element_type=\"widget\" data-settings=\"{&quot;_animation&quot;:&quot;fadeInUp&quot;}\" data-widget_type=\"heading.default\">\n\t\t\t\t<div class=\"elementor-widget-container\">\n\t\t\t\t\t<h2 class=\"elementor-heading-title elementor-size-default\">Prix \u200b\u200b: 135 \u20ac TVA incluse<\/h2>\t\t\t\t<\/div>\n\t\t\t\t<\/div>\n\t\t\t\t<div class=\"elementor-element elementor-element-223cc90 elementor-widget elementor-widget-text-editor\" data-id=\"223cc90\" data-element_type=\"widget\" data-widget_type=\"text-editor.default\">\n\t\t\t\t<div class=\"elementor-widget-container\">\n\t\t\t\t\t\t\t\t\t<p>Les derni\u00e8res cr\u00e9ations de Les Moles, \u00e9labor\u00e9es selon des techniques d\u2019avant-garde.<br>Surprenant et tr\u00e8s amusant.<\/p>\t\t\t\t\t\t\t\t<\/div>\n\t\t\t\t<\/div>\n\t\t\t\t<div class=\"elementor-element elementor-element-55c1795 elementor-widget elementor-widget-text-editor\" data-id=\"55c1795\" data-element_type=\"widget\" data-widget_type=\"text-editor.default\">\n\t\t\t\t<div class=\"elementor-widget-container\">\n\t\t\t\t\t\t\t\t\t<p>Notre sommeli\u00e8re Carmen Sauch a s\u00e9lectionn\u00e9 9 boissons pour accompagner ce menu. Prix : 70 \u20ac <\/p>\t\t\t\t\t\t\t\t<\/div>\n\t\t\t\t<\/div>\n\t\t\t\t<div class=\"elementor-element elementor-element-c6d8acb elementor-widget elementor-widget-text-editor\" data-id=\"c6d8acb\" data-element_type=\"widget\" data-widget_type=\"text-editor.default\">\n\t\t\t\t<div class=\"elementor-widget-container\">\n\t\t\t\t\t\t\t\t\t<p>Ce menu et les autres menus d\u00e9gustation sont servis \u00e0 13h00, 13h45 et 14h30 dans le service de midi. \u00c0 20 h 30 et \u00e0 21 h 15 pour le service du soir. <\/p>\t\t\t\t\t\t\t\t<\/div>\n\t\t\t\t<\/div>\n\t\t\t\t<div class=\"elementor-element elementor-element-f58ebf1 elementor-widget elementor-widget-text-editor\" data-id=\"f58ebf1\" data-element_type=\"widget\" data-widget_type=\"text-editor.default\">\n\t\t\t\t<div class=\"elementor-widget-container\">\n\t\t\t\t\t\t\t\t\t<p>CE MENU SERA TOUJOURS SERVI POUR TOUTE UNE TABLE.<\/p>\t\t\t\t\t\t\t\t<\/div>\n\t\t\t\t<\/div>\n\t\t\t\t\t<\/div>\n\t\t<\/div>\n\t\t\t\t\t<\/div>\n\t\t<\/section>\n\t\t\t\t<\/div>\n\t\t","protected":false},"excerpt":{"rendered":"<p>Exp\u00e9rience I+DLes 4 compagnons de voyage Les 4 \u00e9l\u00e9mentsHuile d\u2019Olive Extra Vierge (Huile d\u2019Olive Extra Vierge SANT LLUC LES MOLES)L\u00e9gumesMerlan bleuWagyu Les 4 du P\u00f4tagerBetterave, fenouil et petits pois (HUILE D\u2019OLIVE VIERGE ROJAL PRIORDEI)Tomate d\u2019hiver et olive (une vari\u00e9t\u00e9 que l\u2019on suspend pour sa conservation)Tomates d\u2019\u00e9t\u00e9 (HUILE D\u2019OLIVE EXTRA VIERGE SANT LLUC LES MOLES)Omelette aux [&hellip;]<\/p>\n","protected":false},"author":2,"featured_media":12291,"parent":1275,"menu_order":1,"comment_status":"closed","ping_status":"closed","template":"","meta":{"_acf_changed":false,"site-sidebar-layout":"no-sidebar","site-content-layout":"page-builder","ast-site-content-layout":"full-width-container","site-content-style":"unboxed","site-sidebar-style":"unboxed","ast-global-header-display":"","ast-banner-title-visibility":"","ast-main-header-display":"","ast-hfb-above-header-display":"","ast-hfb-below-header-display":"","ast-hfb-mobile-header-display":"","site-post-title":"disabled","ast-breadcrumbs-content":"","ast-featured-img":"disabled","footer-sml-layout":"","theme-transparent-header-meta":"","adv-header-id-meta":"","stick-header-meta":"","header-above-stick-meta":"","header-main-stick-meta":"","header-below-stick-meta":"","astra-migrate-meta-layouts":"default","ast-page-background-enabled":"default","ast-page-background-meta":{"desktop":{"background-color":"var(--ast-global-color-4)","background-image":"","background-repeat":"repeat","background-position":"center center","background-size":"auto","background-attachment":"scroll","background-type":"","background-media":"","overlay-type":"","overlay-color":"","overlay-opacity":"","overlay-gradient":""},"tablet":{"background-color":"","background-image":"","background-repeat":"repeat","background-position":"center center","background-size":"auto","background-attachment":"scroll","background-type":"","background-media":"","overlay-type":"","overlay-color":"","overlay-opacity":"","overlay-gradient":""},"mobile":{"background-color":"","background-image":"","background-repeat":"repeat","background-position":"center center","background-size":"auto","background-attachment":"scroll","background-type":"","background-media":"","overlay-type":"","overlay-color":"","overlay-opacity":"","overlay-gradient":""}},"ast-content-background-meta":{"desktop":{"background-color":"var(--ast-global-color-5)","background-image":"","background-repeat":"repeat","background-position":"center center","background-size":"auto","background-attachment":"scroll","background-type":"","background-media":"","overlay-type":"","overlay-color":"","overlay-opacity":"","overlay-gradient":""},"tablet":{"background-color":"var(--ast-global-color-5)","background-image":"","background-repeat":"repeat","background-position":"center center","background-size":"auto","background-attachment":"scroll","background-type":"","background-media":"","overlay-type":"","overlay-color":"","overlay-opacity":"","overlay-gradient":""},"mobile":{"background-color":"var(--ast-global-color-5)","background-image":"","background-repeat":"repeat","background-position":"center center","background-size":"auto","background-attachment":"scroll","background-type":"","background-media":"","overlay-type":"","overlay-color":"","overlay-opacity":"","overlay-gradient":""}},"footnotes":""},"class_list":["post-11861","page","type-page","status-publish","has-post-thumbnail","hentry"],"acf":[],"yoast_head":"<!-- This site is optimized with the Yoast SEO plugin v26.6 - https:\/\/yoast.com\/wordpress\/plugins\/seo\/ -->\n<title>Menu 4 - Les Moles<\/title>\n<meta name=\"robots\" content=\"index, follow, max-snippet:-1, max-image-preview:large, max-video-preview:-1\" \/>\n<link rel=\"canonical\" href=\"https:\/\/lesmoles.com\/fr\/restaurant\/menus\/menu-terra-incognita\/\" \/>\n<meta property=\"og:locale\" content=\"fr_FR\" \/>\n<meta property=\"og:type\" content=\"article\" \/>\n<meta property=\"og:title\" content=\"Menu 4 - Les Moles\" \/>\n<meta property=\"og:description\" content=\"Exp\u00e9rience I+DLes 4 compagnons de voyage Les 4 \u00e9l\u00e9mentsHuile d\u2019Olive Extra Vierge (Huile d\u2019Olive Extra Vierge SANT LLUC LES MOLES)L\u00e9gumesMerlan bleuWagyu Les 4 du P\u00f4tagerBetterave, fenouil et petits pois (HUILE D\u2019OLIVE VIERGE ROJAL PRIORDEI)Tomate d\u2019hiver et olive (une vari\u00e9t\u00e9 que l\u2019on suspend pour sa conservation)Tomates d\u2019\u00e9t\u00e9 (HUILE D\u2019OLIVE EXTRA VIERGE SANT LLUC LES MOLES)Omelette aux [&hellip;]\" \/>\n<meta property=\"og:url\" content=\"https:\/\/lesmoles.com\/fr\/restaurant\/menus\/menu-terra-incognita\/\" \/>\n<meta property=\"og:site_name\" content=\"Les Moles\" \/>\n<meta property=\"article:modified_time\" content=\"2026-04-17T17:05:10+00:00\" \/>\n<meta property=\"og:image\" content=\"https:\/\/lesmoles.com\/wp-content\/uploads\/2025\/07\/Terra-incognita-9566-scaled.jpg\" \/>\n\t<meta property=\"og:image:width\" content=\"2560\" \/>\n\t<meta property=\"og:image:height\" content=\"1707\" \/>\n\t<meta property=\"og:image:type\" content=\"image\/jpeg\" \/>\n<meta name=\"twitter:card\" content=\"summary_large_image\" \/>\n<meta name=\"twitter:label1\" content=\"Dur\u00e9e de lecture estim\u00e9e\" \/>\n\t<meta name=\"twitter:data1\" content=\"1 minute\" \/>\n<script type=\"application\/ld+json\" class=\"yoast-schema-graph\">{\"@context\":\"https:\/\/schema.org\",\"@graph\":[{\"@type\":\"WebPage\",\"@id\":\"https:\/\/lesmoles.com\/fr\/restaurant\/menus\/menu-terra-incognita\/\",\"url\":\"https:\/\/lesmoles.com\/fr\/restaurant\/menus\/menu-terra-incognita\/\",\"name\":\"Menu 4 - Les Moles\",\"isPartOf\":{\"@id\":\"https:\/\/lesmoles.com\/#website\"},\"primaryImageOfPage\":{\"@id\":\"https:\/\/lesmoles.com\/fr\/restaurant\/menus\/menu-terra-incognita\/#primaryimage\"},\"image\":{\"@id\":\"https:\/\/lesmoles.com\/fr\/restaurant\/menus\/menu-terra-incognita\/#primaryimage\"},\"thumbnailUrl\":\"https:\/\/lesmoles.com\/wp-content\/uploads\/2025\/07\/Terra-incognita-9566-scaled.jpg\",\"datePublished\":\"2025-04-10T09:08:18+00:00\",\"dateModified\":\"2026-04-17T17:05:10+00:00\",\"breadcrumb\":{\"@id\":\"https:\/\/lesmoles.com\/fr\/restaurant\/menus\/menu-terra-incognita\/#breadcrumb\"},\"inLanguage\":\"fr-FR\",\"potentialAction\":[{\"@type\":\"ReadAction\",\"target\":[\"https:\/\/lesmoles.com\/fr\/restaurant\/menus\/menu-terra-incognita\/\"]}]},{\"@type\":\"ImageObject\",\"inLanguage\":\"fr-FR\",\"@id\":\"https:\/\/lesmoles.com\/fr\/restaurant\/menus\/menu-terra-incognita\/#primaryimage\",\"url\":\"https:\/\/lesmoles.com\/wp-content\/uploads\/2025\/07\/Terra-incognita-9566-scaled.jpg\",\"contentUrl\":\"https:\/\/lesmoles.com\/wp-content\/uploads\/2025\/07\/Terra-incognita-9566-scaled.jpg\",\"width\":2560,\"height\":1707},{\"@type\":\"BreadcrumbList\",\"@id\":\"https:\/\/lesmoles.com\/fr\/restaurant\/menus\/menu-terra-incognita\/#breadcrumb\",\"itemListElement\":[{\"@type\":\"ListItem\",\"position\":1,\"name\":\"Inici\",\"item\":\"https:\/\/lesmoles.com\/en\/\"},{\"@type\":\"ListItem\",\"position\":2,\"name\":\"Restaurant\",\"item\":\"https:\/\/lesmoles.com\/restaurant\/\"},{\"@type\":\"ListItem\",\"position\":3,\"name\":\"MENUS\",\"item\":\"https:\/\/lesmoles.com\/fr\/restaurant\/menus\/\"},{\"@type\":\"ListItem\",\"position\":4,\"name\":\"Menu 4\"}]},{\"@type\":\"WebSite\",\"@id\":\"https:\/\/lesmoles.com\/#website\",\"url\":\"https:\/\/lesmoles.com\/\",\"name\":\"Les Moles\",\"description\":\"Restaurant amb una Estrella Michelin i dos Soles Repsol\",\"publisher\":{\"@id\":\"https:\/\/lesmoles.com\/#organization\"},\"potentialAction\":[{\"@type\":\"SearchAction\",\"target\":{\"@type\":\"EntryPoint\",\"urlTemplate\":\"https:\/\/lesmoles.com\/?s={search_term_string}\"},\"query-input\":{\"@type\":\"PropertyValueSpecification\",\"valueRequired\":true,\"valueName\":\"search_term_string\"}}],\"inLanguage\":\"fr-FR\"},{\"@type\":\"Organization\",\"@id\":\"https:\/\/lesmoles.com\/#organization\",\"name\":\"Les Moles\",\"url\":\"https:\/\/lesmoles.com\/\",\"logo\":{\"@type\":\"ImageObject\",\"inLanguage\":\"fr-FR\",\"@id\":\"https:\/\/lesmoles.com\/#\/schema\/logo\/image\/\",\"url\":\"https:\/\/lesmoles.com\/wp-content\/uploads\/2021\/12\/cropped-Les-Moles-Restaurant_transparent.png\",\"contentUrl\":\"https:\/\/lesmoles.com\/wp-content\/uploads\/2021\/12\/cropped-Les-Moles-Restaurant_transparent.png\",\"width\":512,\"height\":512,\"caption\":\"Les Moles\"},\"image\":{\"@id\":\"https:\/\/lesmoles.com\/#\/schema\/logo\/image\/\"}}]}<\/script>\n<!-- \/ Yoast SEO plugin. -->","yoast_head_json":{"title":"Menu 4 - Les Moles","robots":{"index":"index","follow":"follow","max-snippet":"max-snippet:-1","max-image-preview":"max-image-preview:large","max-video-preview":"max-video-preview:-1"},"canonical":"https:\/\/lesmoles.com\/fr\/restaurant\/menus\/menu-terra-incognita\/","og_locale":"fr_FR","og_type":"article","og_title":"Menu 4 - Les Moles","og_description":"Exp\u00e9rience I+DLes 4 compagnons de voyage Les 4 \u00e9l\u00e9mentsHuile d\u2019Olive Extra Vierge (Huile d\u2019Olive Extra Vierge SANT LLUC LES MOLES)L\u00e9gumesMerlan bleuWagyu Les 4 du P\u00f4tagerBetterave, fenouil et petits pois (HUILE D\u2019OLIVE VIERGE ROJAL PRIORDEI)Tomate d\u2019hiver et olive (une vari\u00e9t\u00e9 que l\u2019on suspend pour sa conservation)Tomates d\u2019\u00e9t\u00e9 (HUILE D\u2019OLIVE EXTRA VIERGE SANT LLUC LES MOLES)Omelette aux [&hellip;]","og_url":"https:\/\/lesmoles.com\/fr\/restaurant\/menus\/menu-terra-incognita\/","og_site_name":"Les Moles","article_modified_time":"2026-04-17T17:05:10+00:00","og_image":[{"width":2560,"height":1707,"url":"https:\/\/lesmoles.com\/wp-content\/uploads\/2025\/07\/Terra-incognita-9566-scaled.jpg","type":"image\/jpeg"}],"twitter_card":"summary_large_image","twitter_misc":{"Dur\u00e9e de lecture estim\u00e9e":"1 minute"},"schema":{"@context":"https:\/\/schema.org","@graph":[{"@type":"WebPage","@id":"https:\/\/lesmoles.com\/fr\/restaurant\/menus\/menu-terra-incognita\/","url":"https:\/\/lesmoles.com\/fr\/restaurant\/menus\/menu-terra-incognita\/","name":"Menu 4 - Les Moles","isPartOf":{"@id":"https:\/\/lesmoles.com\/#website"},"primaryImageOfPage":{"@id":"https:\/\/lesmoles.com\/fr\/restaurant\/menus\/menu-terra-incognita\/#primaryimage"},"image":{"@id":"https:\/\/lesmoles.com\/fr\/restaurant\/menus\/menu-terra-incognita\/#primaryimage"},"thumbnailUrl":"https:\/\/lesmoles.com\/wp-content\/uploads\/2025\/07\/Terra-incognita-9566-scaled.jpg","datePublished":"2025-04-10T09:08:18+00:00","dateModified":"2026-04-17T17:05:10+00:00","breadcrumb":{"@id":"https:\/\/lesmoles.com\/fr\/restaurant\/menus\/menu-terra-incognita\/#breadcrumb"},"inLanguage":"fr-FR","potentialAction":[{"@type":"ReadAction","target":["https:\/\/lesmoles.com\/fr\/restaurant\/menus\/menu-terra-incognita\/"]}]},{"@type":"ImageObject","inLanguage":"fr-FR","@id":"https:\/\/lesmoles.com\/fr\/restaurant\/menus\/menu-terra-incognita\/#primaryimage","url":"https:\/\/lesmoles.com\/wp-content\/uploads\/2025\/07\/Terra-incognita-9566-scaled.jpg","contentUrl":"https:\/\/lesmoles.com\/wp-content\/uploads\/2025\/07\/Terra-incognita-9566-scaled.jpg","width":2560,"height":1707},{"@type":"BreadcrumbList","@id":"https:\/\/lesmoles.com\/fr\/restaurant\/menus\/menu-terra-incognita\/#breadcrumb","itemListElement":[{"@type":"ListItem","position":1,"name":"Inici","item":"https:\/\/lesmoles.com\/en\/"},{"@type":"ListItem","position":2,"name":"Restaurant","item":"https:\/\/lesmoles.com\/restaurant\/"},{"@type":"ListItem","position":3,"name":"MENUS","item":"https:\/\/lesmoles.com\/fr\/restaurant\/menus\/"},{"@type":"ListItem","position":4,"name":"Menu 4"}]},{"@type":"WebSite","@id":"https:\/\/lesmoles.com\/#website","url":"https:\/\/lesmoles.com\/","name":"Les Moles","description":"Restaurant amb una Estrella Michelin i dos Soles Repsol","publisher":{"@id":"https:\/\/lesmoles.com\/#organization"},"potentialAction":[{"@type":"SearchAction","target":{"@type":"EntryPoint","urlTemplate":"https:\/\/lesmoles.com\/?s={search_term_string}"},"query-input":{"@type":"PropertyValueSpecification","valueRequired":true,"valueName":"search_term_string"}}],"inLanguage":"fr-FR"},{"@type":"Organization","@id":"https:\/\/lesmoles.com\/#organization","name":"Les Moles","url":"https:\/\/lesmoles.com\/","logo":{"@type":"ImageObject","inLanguage":"fr-FR","@id":"https:\/\/lesmoles.com\/#\/schema\/logo\/image\/","url":"https:\/\/lesmoles.com\/wp-content\/uploads\/2021\/12\/cropped-Les-Moles-Restaurant_transparent.png","contentUrl":"https:\/\/lesmoles.com\/wp-content\/uploads\/2021\/12\/cropped-Les-Moles-Restaurant_transparent.png","width":512,"height":512,"caption":"Les Moles"},"image":{"@id":"https:\/\/lesmoles.com\/#\/schema\/logo\/image\/"}}]}},"publishpress_future_action":{"enabled":false,"date":"2026-05-10 19:01:47","action":"change-status","newStatus":"draft","terms":[],"taxonomy":"translation_priority","extraData":[]},"publishpress_future_workflow_manual_trigger":{"enabledWorkflows":[]},"_links":{"self":[{"href":"https:\/\/lesmoles.com\/fr\/wp-json\/wp\/v2\/pages\/11861","targetHints":{"allow":["GET"]}}],"collection":[{"href":"https:\/\/lesmoles.com\/fr\/wp-json\/wp\/v2\/pages"}],"about":[{"href":"https:\/\/lesmoles.com\/fr\/wp-json\/wp\/v2\/types\/page"}],"author":[{"embeddable":true,"href":"https:\/\/lesmoles.com\/fr\/wp-json\/wp\/v2\/users\/2"}],"replies":[{"embeddable":true,"href":"https:\/\/lesmoles.com\/fr\/wp-json\/wp\/v2\/comments?post=11861"}],"version-history":[{"count":7,"href":"https:\/\/lesmoles.com\/fr\/wp-json\/wp\/v2\/pages\/11861\/revisions"}],"predecessor-version":[{"id":13219,"href":"https:\/\/lesmoles.com\/fr\/wp-json\/wp\/v2\/pages\/11861\/revisions\/13219"}],"up":[{"embeddable":true,"href":"https:\/\/lesmoles.com\/fr\/wp-json\/wp\/v2\/pages\/1275"}],"wp:featuredmedia":[{"embeddable":true,"href":"https:\/\/lesmoles.com\/fr\/wp-json\/wp\/v2\/media\/12291"}],"wp:attachment":[{"href":"https:\/\/lesmoles.com\/fr\/wp-json\/wp\/v2\/media?parent=11861"}],"curies":[{"name":"wp","href":"https:\/\/api.w.org\/{rel}","templated":true}]}}