{"id":13062,"date":"2026-03-13T14:38:50","date_gmt":"2026-03-13T12:38:50","guid":{"rendered":"https:\/\/lesmoles.com\/?post_type=product&#038;p=13062"},"modified":"2026-04-14T10:14:32","modified_gmt":"2026-04-14T08:14:32","slug":"nou-menu-degustacio-taules-del-xef","status":"publish","type":"product","link":"https:\/\/lesmoles.com\/fr\/producto\/nou-menu-degustacio-taules-del-xef\/","title":{"rendered":"Nou men\u00fa degustaci\u00f3. Taules del xef."},"content":{"rendered":"<p>Les Taules del Xef s\u00f3n una experi\u00e8ncia gastron\u00f2mica \u00daNICA. Un sopar redu\u00eft, molt exclusiu i amb una sola taula compartida per tots els assistents, on Jeroni Castell presentar\u00e0 i explicar\u00e0 el nou men\u00fa degustaci\u00f3. El men\u00fa anir\u00e0 acompanyat amb un maridatge especial, preparat per la somelier Carmen Sauch.<\/p>\n","protected":false},"excerpt":{"rendered":"<p>Les Taules del Xef s\u00f3n una experi\u00e8ncia gastron\u00f2mica \u00daNICA. Un sopar redu\u00eft, molt exclusiu i amb una sola taula compartida per tots els assistents, on Jeroni Castell presentar\u00e0 i explicar\u00e0 el nou men\u00fa degustaci\u00f3. El men\u00fa anir\u00e0 acompanyat amb un maridatge especial, preparat per la somelier Carmen Sauch.<\/p>\n","protected":false},"featured_media":13066,"comment_status":"open","ping_status":"closed","template":"","meta":{"_acf_changed":false,"site-sidebar-layout":"default","site-content-layout":"","ast-site-content-layout":"default","site-content-style":"default","site-sidebar-style":"default","ast-global-header-display":"","ast-banner-title-visibility":"","ast-main-header-display":"","ast-hfb-above-header-display":"","ast-hfb-below-header-display":"","ast-hfb-mobile-header-display":"","site-post-title":"","ast-breadcrumbs-content":"","ast-featured-img":"","footer-sml-layout":"","theme-transparent-header-meta":"default","adv-header-id-meta":"","stick-header-meta":"","header-above-stick-meta":"","header-main-stick-meta":"","header-below-stick-meta":"","astra-migrate-meta-layouts":"set","ast-page-background-enabled":"default","ast-page-background-meta":{"desktop":{"background-color":"var(--ast-global-color-4)","background-image":"","background-repeat":"repeat","background-position":"center center","background-size":"auto","background-attachment":"scroll","background-type":"","background-media":"","overlay-type":"","overlay-color":"","overlay-opacity":"","overlay-gradient":""},"tablet":{"background-color":"","background-image":"","background-repeat":"repeat","background-position":"center center","background-size":"auto","background-attachment":"scroll","background-type":"","background-media":"","overlay-type":"","overlay-color":"","overlay-opacity":"","overlay-gradient":""},"mobile":{"background-color":"","background-image":"","background-repeat":"repeat","background-position":"center center","background-size":"auto","background-attachment":"scroll","background-type":"","background-media":"","overlay-type":"","overlay-color":"","overlay-opacity":"","overlay-gradient":""}},"ast-content-background-meta":{"desktop":{"background-color":"var(--ast-global-color-5)","background-image":"","background-repeat":"repeat","background-position":"center center","background-size":"auto","background-attachment":"scroll","background-type":"","background-media":"","overlay-type":"","overlay-color":"","overlay-opacity":"","overlay-gradient":""},"tablet":{"background-color":"var(--ast-global-color-5)","background-image":"","background-repeat":"repeat","background-position":"center center","background-size":"auto","background-attachment":"scroll","background-type":"","background-media":"","overlay-type":"","overlay-color":"","overlay-opacity":"","overlay-gradient":""},"mobile":{"background-color":"var(--ast-global-color-5)","background-image":"","background-repeat":"repeat","background-position":"center center","background-size":"auto","background-attachment":"scroll","background-type":"","background-media":"","overlay-type":"","overlay-color":"","overlay-opacity":"","overlay-gradient":""}}},"product_brand":[],"product_cat":[26],"product_tag":[],"class_list":{"0":"post-13062","1":"product","2":"type-product","3":"status-publish","4":"has-post-thumbnail","6":"product_cat-experiencies-les-moles","7":"desktop-align-left","8":"tablet-align-left","9":"mobile-align-left","11":"first","12":"instock","13":"shipping-taxable","14":"purchasable","15":"product-type-variable"},"acf":[],"yoast_head":"<!-- This site is optimized with the Yoast SEO plugin v26.6 - https:\/\/yoast.com\/wordpress\/plugins\/seo\/ -->\n<title>Nou men\u00fa degustaci\u00f3. Taules del xef. - Les Moles<\/title>\n<meta name=\"robots\" content=\"index, follow, max-snippet:-1, max-image-preview:large, max-video-preview:-1\" \/>\n<link rel=\"canonical\" href=\"https:\/\/lesmoles.com\/producto\/nou-menu-degustacio-taules-del-xef\/\" \/>\n<meta property=\"og:locale\" content=\"fr_FR\" \/>\n<meta property=\"og:type\" content=\"article\" \/>\n<meta property=\"og:title\" content=\"Nou men\u00fa degustaci\u00f3. Taules del xef. - Les Moles\" \/>\n<meta property=\"og:description\" content=\"Les Taules del Xef s\u00f3n una experi\u00e8ncia gastron\u00f2mica \u00daNICA. Un sopar redu\u00eft, molt exclusiu i amb una sola taula compartida per tots els assistents, on Jeroni Castell presentar\u00e0 i explicar\u00e0 el nou men\u00fa degustaci\u00f3. El men\u00fa anir\u00e0 acompanyat amb un maridatge especial, preparat per la somelier Carmen Sauch.\" \/>\n<meta property=\"og:url\" content=\"https:\/\/lesmoles.com\/producto\/nou-menu-degustacio-taules-del-xef\/\" \/>\n<meta property=\"og:site_name\" content=\"Les Moles\" \/>\n<meta property=\"article:modified_time\" content=\"2026-04-14T08:14:32+00:00\" \/>\n<meta property=\"og:image\" content=\"https:\/\/lesmoles.com\/wp-content\/uploads\/2026\/03\/Dorado-Simple-Agradecimiento-Tarjeta-cuadrado.jpg\" \/>\n\t<meta property=\"og:image:width\" content=\"1500\" \/>\n\t<meta property=\"og:image:height\" content=\"1500\" \/>\n\t<meta property=\"og:image:type\" content=\"image\/jpeg\" \/>\n<meta name=\"twitter:card\" content=\"summary_large_image\" \/>\n<meta name=\"twitter:label1\" content=\"Dur\u00e9e de lecture estim\u00e9e\" \/>\n\t<meta name=\"twitter:data1\" content=\"1 minute\" \/>\n<script type=\"application\/ld+json\" class=\"yoast-schema-graph\">{\"@context\":\"https:\/\/schema.org\",\"@graph\":[{\"@type\":\"WebPage\",\"@id\":\"https:\/\/lesmoles.com\/producto\/nou-menu-degustacio-taules-del-xef\/\",\"url\":\"https:\/\/lesmoles.com\/producto\/nou-menu-degustacio-taules-del-xef\/\",\"name\":\"Nou men\u00fa degustaci\u00f3. Taules del xef. - Les Moles\",\"isPartOf\":{\"@id\":\"https:\/\/lesmoles.com\/#website\"},\"primaryImageOfPage\":{\"@id\":\"https:\/\/lesmoles.com\/producto\/nou-menu-degustacio-taules-del-xef\/#primaryimage\"},\"image\":{\"@id\":\"https:\/\/lesmoles.com\/producto\/nou-menu-degustacio-taules-del-xef\/#primaryimage\"},\"thumbnailUrl\":\"https:\/\/lesmoles.com\/wp-content\/uploads\/2026\/03\/Dorado-Simple-Agradecimiento-Tarjeta-cuadrado.jpg\",\"datePublished\":\"2026-03-13T12:38:50+00:00\",\"dateModified\":\"2026-04-14T08:14:32+00:00\",\"breadcrumb\":{\"@id\":\"https:\/\/lesmoles.com\/producto\/nou-menu-degustacio-taules-del-xef\/#breadcrumb\"},\"inLanguage\":\"fr-FR\",\"potentialAction\":[{\"@type\":\"ReadAction\",\"target\":[\"https:\/\/lesmoles.com\/producto\/nou-menu-degustacio-taules-del-xef\/\"]}]},{\"@type\":\"ImageObject\",\"inLanguage\":\"fr-FR\",\"@id\":\"https:\/\/lesmoles.com\/producto\/nou-menu-degustacio-taules-del-xef\/#primaryimage\",\"url\":\"https:\/\/lesmoles.com\/wp-content\/uploads\/2026\/03\/Dorado-Simple-Agradecimiento-Tarjeta-cuadrado.jpg\",\"contentUrl\":\"https:\/\/lesmoles.com\/wp-content\/uploads\/2026\/03\/Dorado-Simple-Agradecimiento-Tarjeta-cuadrado.jpg\",\"width\":1500,\"height\":1500},{\"@type\":\"BreadcrumbList\",\"@id\":\"https:\/\/lesmoles.com\/producto\/nou-menu-degustacio-taules-del-xef\/#breadcrumb\",\"itemListElement\":[{\"@type\":\"ListItem\",\"position\":1,\"name\":\"Inici\",\"item\":\"https:\/\/lesmoles.com\/en\/\"},{\"@type\":\"ListItem\",\"position\":2,\"name\":\"Tienda\",\"item\":\"https:\/\/lesmoles.com\/tienda\/\"},{\"@type\":\"ListItem\",\"position\":3,\"name\":\"Nou men\u00fa degustaci\u00f3. Taules del xef.\"}]},{\"@type\":\"WebSite\",\"@id\":\"https:\/\/lesmoles.com\/#website\",\"url\":\"https:\/\/lesmoles.com\/\",\"name\":\"Les Moles\",\"description\":\"Restaurant amb una Estrella Michelin i dos Soles Repsol\",\"publisher\":{\"@id\":\"https:\/\/lesmoles.com\/#organization\"},\"potentialAction\":[{\"@type\":\"SearchAction\",\"target\":{\"@type\":\"EntryPoint\",\"urlTemplate\":\"https:\/\/lesmoles.com\/?s={search_term_string}\"},\"query-input\":{\"@type\":\"PropertyValueSpecification\",\"valueRequired\":true,\"valueName\":\"search_term_string\"}}],\"inLanguage\":\"fr-FR\"},{\"@type\":\"Organization\",\"@id\":\"https:\/\/lesmoles.com\/#organization\",\"name\":\"Les Moles\",\"url\":\"https:\/\/lesmoles.com\/\",\"logo\":{\"@type\":\"ImageObject\",\"inLanguage\":\"fr-FR\",\"@id\":\"https:\/\/lesmoles.com\/#\/schema\/logo\/image\/\",\"url\":\"https:\/\/lesmoles.com\/wp-content\/uploads\/2021\/12\/cropped-Les-Moles-Restaurant_transparent.png\",\"contentUrl\":\"https:\/\/lesmoles.com\/wp-content\/uploads\/2021\/12\/cropped-Les-Moles-Restaurant_transparent.png\",\"width\":512,\"height\":512,\"caption\":\"Les Moles\"},\"image\":{\"@id\":\"https:\/\/lesmoles.com\/#\/schema\/logo\/image\/\"}}]}<\/script>\n<!-- \/ Yoast SEO plugin. -->","yoast_head_json":{"title":"Nou men\u00fa degustaci\u00f3. Taules del xef. - Les Moles","robots":{"index":"index","follow":"follow","max-snippet":"max-snippet:-1","max-image-preview":"max-image-preview:large","max-video-preview":"max-video-preview:-1"},"canonical":"https:\/\/lesmoles.com\/producto\/nou-menu-degustacio-taules-del-xef\/","og_locale":"fr_FR","og_type":"article","og_title":"Nou men\u00fa degustaci\u00f3. Taules del xef. - Les Moles","og_description":"Les Taules del Xef s\u00f3n una experi\u00e8ncia gastron\u00f2mica \u00daNICA. Un sopar redu\u00eft, molt exclusiu i amb una sola taula compartida per tots els assistents, on Jeroni Castell presentar\u00e0 i explicar\u00e0 el nou men\u00fa degustaci\u00f3. El men\u00fa anir\u00e0 acompanyat amb un maridatge especial, preparat per la somelier Carmen Sauch.","og_url":"https:\/\/lesmoles.com\/producto\/nou-menu-degustacio-taules-del-xef\/","og_site_name":"Les Moles","article_modified_time":"2026-04-14T08:14:32+00:00","og_image":[{"width":1500,"height":1500,"url":"https:\/\/lesmoles.com\/wp-content\/uploads\/2026\/03\/Dorado-Simple-Agradecimiento-Tarjeta-cuadrado.jpg","type":"image\/jpeg"}],"twitter_card":"summary_large_image","twitter_misc":{"Dur\u00e9e de lecture estim\u00e9e":"1 minute"},"schema":{"@context":"https:\/\/schema.org","@graph":[{"@type":"WebPage","@id":"https:\/\/lesmoles.com\/producto\/nou-menu-degustacio-taules-del-xef\/","url":"https:\/\/lesmoles.com\/producto\/nou-menu-degustacio-taules-del-xef\/","name":"Nou men\u00fa degustaci\u00f3. Taules del xef. - Les Moles","isPartOf":{"@id":"https:\/\/lesmoles.com\/#website"},"primaryImageOfPage":{"@id":"https:\/\/lesmoles.com\/producto\/nou-menu-degustacio-taules-del-xef\/#primaryimage"},"image":{"@id":"https:\/\/lesmoles.com\/producto\/nou-menu-degustacio-taules-del-xef\/#primaryimage"},"thumbnailUrl":"https:\/\/lesmoles.com\/wp-content\/uploads\/2026\/03\/Dorado-Simple-Agradecimiento-Tarjeta-cuadrado.jpg","datePublished":"2026-03-13T12:38:50+00:00","dateModified":"2026-04-14T08:14:32+00:00","breadcrumb":{"@id":"https:\/\/lesmoles.com\/producto\/nou-menu-degustacio-taules-del-xef\/#breadcrumb"},"inLanguage":"fr-FR","potentialAction":[{"@type":"ReadAction","target":["https:\/\/lesmoles.com\/producto\/nou-menu-degustacio-taules-del-xef\/"]}]},{"@type":"ImageObject","inLanguage":"fr-FR","@id":"https:\/\/lesmoles.com\/producto\/nou-menu-degustacio-taules-del-xef\/#primaryimage","url":"https:\/\/lesmoles.com\/wp-content\/uploads\/2026\/03\/Dorado-Simple-Agradecimiento-Tarjeta-cuadrado.jpg","contentUrl":"https:\/\/lesmoles.com\/wp-content\/uploads\/2026\/03\/Dorado-Simple-Agradecimiento-Tarjeta-cuadrado.jpg","width":1500,"height":1500},{"@type":"BreadcrumbList","@id":"https:\/\/lesmoles.com\/producto\/nou-menu-degustacio-taules-del-xef\/#breadcrumb","itemListElement":[{"@type":"ListItem","position":1,"name":"Inici","item":"https:\/\/lesmoles.com\/en\/"},{"@type":"ListItem","position":2,"name":"Tienda","item":"https:\/\/lesmoles.com\/tienda\/"},{"@type":"ListItem","position":3,"name":"Nou men\u00fa degustaci\u00f3. Taules del xef."}]},{"@type":"WebSite","@id":"https:\/\/lesmoles.com\/#website","url":"https:\/\/lesmoles.com\/","name":"Les Moles","description":"Restaurant amb una Estrella Michelin i dos Soles Repsol","publisher":{"@id":"https:\/\/lesmoles.com\/#organization"},"potentialAction":[{"@type":"SearchAction","target":{"@type":"EntryPoint","urlTemplate":"https:\/\/lesmoles.com\/?s={search_term_string}"},"query-input":{"@type":"PropertyValueSpecification","valueRequired":true,"valueName":"search_term_string"}}],"inLanguage":"fr-FR"},{"@type":"Organization","@id":"https:\/\/lesmoles.com\/#organization","name":"Les Moles","url":"https:\/\/lesmoles.com\/","logo":{"@type":"ImageObject","inLanguage":"fr-FR","@id":"https:\/\/lesmoles.com\/#\/schema\/logo\/image\/","url":"https:\/\/lesmoles.com\/wp-content\/uploads\/2021\/12\/cropped-Les-Moles-Restaurant_transparent.png","contentUrl":"https:\/\/lesmoles.com\/wp-content\/uploads\/2021\/12\/cropped-Les-Moles-Restaurant_transparent.png","width":512,"height":512,"caption":"Les Moles"},"image":{"@id":"https:\/\/lesmoles.com\/#\/schema\/logo\/image\/"}}]}},"publishpress_future_action":{"enabled":false,"date":"2026-06-03 17:25:38","action":"change-status","newStatus":"draft","terms":[],"taxonomy":"product_visibility","extraData":[]},"publishpress_future_workflow_manual_trigger":{"enabledWorkflows":[]},"_links":{"self":[{"href":"https:\/\/lesmoles.com\/fr\/wp-json\/wp\/v2\/product\/13062","targetHints":{"allow":["GET"]}}],"collection":[{"href":"https:\/\/lesmoles.com\/fr\/wp-json\/wp\/v2\/product"}],"about":[{"href":"https:\/\/lesmoles.com\/fr\/wp-json\/wp\/v2\/types\/product"}],"replies":[{"embeddable":true,"href":"https:\/\/lesmoles.com\/fr\/wp-json\/wp\/v2\/comments?post=13062"}],"wp:featuredmedia":[{"embeddable":true,"href":"https:\/\/lesmoles.com\/fr\/wp-json\/wp\/v2\/media\/13066"}],"wp:attachment":[{"href":"https:\/\/lesmoles.com\/fr\/wp-json\/wp\/v2\/media?parent=13062"}],"wp:term":[{"taxonomy":"product_brand","embeddable":true,"href":"https:\/\/lesmoles.com\/fr\/wp-json\/wp\/v2\/product_brand?post=13062"},{"taxonomy":"product_cat","embeddable":true,"href":"https:\/\/lesmoles.com\/fr\/wp-json\/wp\/v2\/product_cat?post=13062"},{"taxonomy":"product_tag","embeddable":true,"href":"https:\/\/lesmoles.com\/fr\/wp-json\/wp\/v2\/product_tag?post=13062"}],"curies":[{"name":"wp","href":"https:\/\/api.w.org\/{rel}","templated":true}]}}