{"id":5455,"date":"2023-03-30T08:00:18","date_gmt":"2023-03-30T07:00:18","guid":{"rendered":"https:\/\/lesmoles.com\/?post_type=product&#038;p=5455"},"modified":"2023-11-25T09:28:58","modified_gmt":"2023-11-25T08:28:58","slug":"menu-degustacio-animament-amb-harmonia-de-vins","status":"publish","type":"product","link":"https:\/\/lesmoles.com\/fr\/producto\/menu-degustacio-animament-amb-harmonia-de-vins\/","title":{"rendered":"Men\u00fa degustaci\u00f3 \u00ab\u00a0\u00c0nimament\u00a0\u00bb amb harmonia de vins"},"content":{"rendered":"<p>Men\u00fa degustaci\u00f3 \u00ab\u00a0\u00c0nimament\u00a0\u00bb, el nou men\u00fa degustaci\u00f3 de Les Moles.<\/p>\n<p>7 vins i caves, i caf\u00e8s.<\/p>\n<p>Tot per a 2 persones<\/p>\n<p>&nbsp;<\/p>\n<p><span style=\"font-family: Arial, Helvetica, sans-serif;\"><em>* Per poder gaudir del regal \u00e9s imprescindible presentar aquest document impr\u00e8s al restaurant. <\/em><\/span><em style=\"font-family: Arial, Helvetica, sans-serif;\">En cas contrari s&rsquo;haur\u00e0 d&rsquo;abonar el preu del men\u00fa consumit.<\/em><\/p>\n<p><span style=\"font-family: Arial, Helvetica, sans-serif;\"><em>** Tots els nostres pack regal tenen una caducitat d&rsquo;un any a partir del dia de la compra.<\/em><\/span><\/p>\n","protected":false},"excerpt":{"rendered":"<p>Men\u00fa degustaci\u00f3 \u00ab\u00a0\u00c0nimament\u00a0\u00bb, el nou men\u00fa degustaci\u00f3 de Les Moles. 7 vins i caves, i caf\u00e8s. Tot per a 2 persones &nbsp; * Per poder gaudir del regal \u00e9s imprescindible presentar aquest document impr\u00e8s al restaurant. En cas contrari s&rsquo;haur\u00e0 d&rsquo;abonar el preu del men\u00fa consumit. ** Tots els nostres pack regal tenen una caducitat [&hellip;]<\/p>\n","protected":false},"featured_media":6586,"comment_status":"open","ping_status":"closed","template":"","meta":{"_acf_changed":false,"site-sidebar-layout":"default","site-content-layout":"default","ast-site-content-layout":"","site-content-style":"default","site-sidebar-style":"default","ast-global-header-display":"","ast-banner-title-visibility":"","ast-main-header-display":"","ast-hfb-above-header-display":"","ast-hfb-below-header-display":"","ast-hfb-mobile-header-display":"","site-post-title":"","ast-breadcrumbs-content":"","ast-featured-img":"","footer-sml-layout":"","theme-transparent-header-meta":"default","adv-header-id-meta":"","stick-header-meta":"","header-above-stick-meta":"","header-main-stick-meta":"","header-below-stick-meta":"","astra-migrate-meta-layouts":"default","ast-page-background-enabled":"default","ast-page-background-meta":{"desktop":{"background-color":"var(--ast-global-color-4)","background-image":"","background-repeat":"repeat","background-position":"center center","background-size":"auto","background-attachment":"scroll","background-type":"","background-media":"","overlay-type":"","overlay-color":"","overlay-opacity":"","overlay-gradient":""},"tablet":{"background-color":"","background-image":"","background-repeat":"repeat","background-position":"center center","background-size":"auto","background-attachment":"scroll","background-type":"","background-media":"","overlay-type":"","overlay-color":"","overlay-opacity":"","overlay-gradient":""},"mobile":{"background-color":"","background-image":"","background-repeat":"repeat","background-position":"center center","background-size":"auto","background-attachment":"scroll","background-type":"","background-media":"","overlay-type":"","overlay-color":"","overlay-opacity":"","overlay-gradient":""}},"ast-content-background-meta":{"desktop":{"background-color":"var(--ast-global-color-5)","background-image":"","background-repeat":"repeat","background-position":"center center","background-size":"auto","background-attachment":"scroll","background-type":"","background-media":"","overlay-type":"","overlay-color":"","overlay-opacity":"","overlay-gradient":""},"tablet":{"background-color":"var(--ast-global-color-5)","background-image":"","background-repeat":"repeat","background-position":"center center","background-size":"auto","background-attachment":"scroll","background-type":"","background-media":"","overlay-type":"","overlay-color":"","overlay-opacity":"","overlay-gradient":""},"mobile":{"background-color":"var(--ast-global-color-5)","background-image":"","background-repeat":"repeat","background-position":"center center","background-size":"auto","background-attachment":"scroll","background-type":"","background-media":"","overlay-type":"","overlay-color":"","overlay-opacity":"","overlay-gradient":""}}},"product_brand":[],"product_cat":[47],"product_tag":[],"class_list":{"0":"post-5455","1":"product","2":"type-product","3":"status-publish","4":"has-post-thumbnail","6":"product_cat-experiences-les-moles","7":"desktop-align-left","8":"tablet-align-left","9":"mobile-align-left","11":"first","12":"instock","13":"virtual","14":"purchasable","15":"product-type-simple"},"acf":[],"yoast_head":"<!-- This site is optimized with the Yoast SEO plugin v26.6 - https:\/\/yoast.com\/wordpress\/plugins\/seo\/ -->\n<title>Men\u00fa degustaci\u00f3 &quot;\u00c0nimament&quot; amb harmonia de vins - Les Moles<\/title>\n<meta name=\"robots\" content=\"index, follow, max-snippet:-1, max-image-preview:large, max-video-preview:-1\" \/>\n<link rel=\"canonical\" href=\"https:\/\/lesmoles.com\/fr\/producto\/menu-degustacio-animament-amb-harmonia-de-vins\/\" \/>\n<meta property=\"og:locale\" content=\"fr_FR\" \/>\n<meta property=\"og:type\" content=\"article\" \/>\n<meta property=\"og:title\" content=\"Men\u00fa degustaci\u00f3 &quot;\u00c0nimament&quot; amb harmonia de vins - Les Moles\" \/>\n<meta property=\"og:description\" content=\"Men\u00fa degustaci\u00f3 \u00ab\u00a0\u00c0nimament\u00a0\u00bb, el nou men\u00fa degustaci\u00f3 de Les Moles. 7 vins i caves, i caf\u00e8s. Tot per a 2 persones &nbsp; * Per poder gaudir del regal \u00e9s imprescindible presentar aquest document impr\u00e8s al restaurant. En cas contrari s&rsquo;haur\u00e0 d&rsquo;abonar el preu del men\u00fa consumit. ** Tots els nostres pack regal tenen una caducitat [&hellip;]\" \/>\n<meta property=\"og:url\" content=\"https:\/\/lesmoles.com\/fr\/producto\/menu-degustacio-animament-amb-harmonia-de-vins\/\" \/>\n<meta property=\"og:site_name\" content=\"Les Moles\" \/>\n<meta property=\"article:modified_time\" content=\"2023-11-25T08:28:58+00:00\" \/>\n<meta property=\"og:image\" content=\"https:\/\/lesmoles.com\/wp-content\/uploads\/2023\/03\/2023_animament_harmonia.jpg\" \/>\n\t<meta property=\"og:image:width\" content=\"567\" \/>\n\t<meta property=\"og:image:height\" content=\"567\" \/>\n\t<meta property=\"og:image:type\" content=\"image\/jpeg\" \/>\n<meta name=\"twitter:card\" content=\"summary_large_image\" \/>\n<script type=\"application\/ld+json\" class=\"yoast-schema-graph\">{\"@context\":\"https:\/\/schema.org\",\"@graph\":[{\"@type\":\"WebPage\",\"@id\":\"https:\/\/lesmoles.com\/fr\/producto\/menu-degustacio-animament-amb-harmonia-de-vins\/\",\"url\":\"https:\/\/lesmoles.com\/fr\/producto\/menu-degustacio-animament-amb-harmonia-de-vins\/\",\"name\":\"Men\u00fa degustaci\u00f3 \\\"\u00c0nimament\\\" amb harmonia de vins - Les Moles\",\"isPartOf\":{\"@id\":\"https:\/\/lesmoles.com\/#website\"},\"primaryImageOfPage\":{\"@id\":\"https:\/\/lesmoles.com\/fr\/producto\/menu-degustacio-animament-amb-harmonia-de-vins\/#primaryimage\"},\"image\":{\"@id\":\"https:\/\/lesmoles.com\/fr\/producto\/menu-degustacio-animament-amb-harmonia-de-vins\/#primaryimage\"},\"thumbnailUrl\":\"https:\/\/lesmoles.com\/wp-content\/uploads\/2023\/03\/2023_animament_harmonia.jpg\",\"datePublished\":\"2023-03-30T07:00:18+00:00\",\"dateModified\":\"2023-11-25T08:28:58+00:00\",\"breadcrumb\":{\"@id\":\"https:\/\/lesmoles.com\/fr\/producto\/menu-degustacio-animament-amb-harmonia-de-vins\/#breadcrumb\"},\"inLanguage\":\"fr-FR\",\"potentialAction\":[{\"@type\":\"ReadAction\",\"target\":[\"https:\/\/lesmoles.com\/fr\/producto\/menu-degustacio-animament-amb-harmonia-de-vins\/\"]}]},{\"@type\":\"ImageObject\",\"inLanguage\":\"fr-FR\",\"@id\":\"https:\/\/lesmoles.com\/fr\/producto\/menu-degustacio-animament-amb-harmonia-de-vins\/#primaryimage\",\"url\":\"https:\/\/lesmoles.com\/wp-content\/uploads\/2023\/03\/2023_animament_harmonia.jpg\",\"contentUrl\":\"https:\/\/lesmoles.com\/wp-content\/uploads\/2023\/03\/2023_animament_harmonia.jpg\",\"width\":567,\"height\":567},{\"@type\":\"BreadcrumbList\",\"@id\":\"https:\/\/lesmoles.com\/fr\/producto\/menu-degustacio-animament-amb-harmonia-de-vins\/#breadcrumb\",\"itemListElement\":[{\"@type\":\"ListItem\",\"position\":1,\"name\":\"Inici\",\"item\":\"https:\/\/lesmoles.com\/en\/\"},{\"@type\":\"ListItem\",\"position\":2,\"name\":\"Tienda\",\"item\":\"https:\/\/lesmoles.com\/tienda\/\"},{\"@type\":\"ListItem\",\"position\":3,\"name\":\"Men\u00fa degustaci\u00f3 &#8220;\u00c0nimament&#8221; amb harmonia de vins\"}]},{\"@type\":\"WebSite\",\"@id\":\"https:\/\/lesmoles.com\/#website\",\"url\":\"https:\/\/lesmoles.com\/\",\"name\":\"Les Moles\",\"description\":\"Restaurant amb una Estrella Michelin i dos Soles Repsol\",\"publisher\":{\"@id\":\"https:\/\/lesmoles.com\/#organization\"},\"potentialAction\":[{\"@type\":\"SearchAction\",\"target\":{\"@type\":\"EntryPoint\",\"urlTemplate\":\"https:\/\/lesmoles.com\/?s={search_term_string}\"},\"query-input\":{\"@type\":\"PropertyValueSpecification\",\"valueRequired\":true,\"valueName\":\"search_term_string\"}}],\"inLanguage\":\"fr-FR\"},{\"@type\":\"Organization\",\"@id\":\"https:\/\/lesmoles.com\/#organization\",\"name\":\"Les Moles\",\"url\":\"https:\/\/lesmoles.com\/\",\"logo\":{\"@type\":\"ImageObject\",\"inLanguage\":\"fr-FR\",\"@id\":\"https:\/\/lesmoles.com\/#\/schema\/logo\/image\/\",\"url\":\"https:\/\/lesmoles.com\/wp-content\/uploads\/2021\/12\/cropped-Les-Moles-Restaurant_transparent.png\",\"contentUrl\":\"https:\/\/lesmoles.com\/wp-content\/uploads\/2021\/12\/cropped-Les-Moles-Restaurant_transparent.png\",\"width\":512,\"height\":512,\"caption\":\"Les Moles\"},\"image\":{\"@id\":\"https:\/\/lesmoles.com\/#\/schema\/logo\/image\/\"}}]}<\/script>\n<!-- \/ Yoast SEO plugin. -->","yoast_head_json":{"title":"Men\u00fa degustaci\u00f3 \"\u00c0nimament\" amb harmonia de vins - Les Moles","robots":{"index":"index","follow":"follow","max-snippet":"max-snippet:-1","max-image-preview":"max-image-preview:large","max-video-preview":"max-video-preview:-1"},"canonical":"https:\/\/lesmoles.com\/fr\/producto\/menu-degustacio-animament-amb-harmonia-de-vins\/","og_locale":"fr_FR","og_type":"article","og_title":"Men\u00fa degustaci\u00f3 \"\u00c0nimament\" amb harmonia de vins - Les Moles","og_description":"Men\u00fa degustaci\u00f3 \u00ab\u00a0\u00c0nimament\u00a0\u00bb, el nou men\u00fa degustaci\u00f3 de Les Moles. 7 vins i caves, i caf\u00e8s. Tot per a 2 persones &nbsp; * Per poder gaudir del regal \u00e9s imprescindible presentar aquest document impr\u00e8s al restaurant. En cas contrari s&rsquo;haur\u00e0 d&rsquo;abonar el preu del men\u00fa consumit. ** Tots els nostres pack regal tenen una caducitat [&hellip;]","og_url":"https:\/\/lesmoles.com\/fr\/producto\/menu-degustacio-animament-amb-harmonia-de-vins\/","og_site_name":"Les Moles","article_modified_time":"2023-11-25T08:28:58+00:00","og_image":[{"width":567,"height":567,"url":"https:\/\/lesmoles.com\/wp-content\/uploads\/2023\/03\/2023_animament_harmonia.jpg","type":"image\/jpeg"}],"twitter_card":"summary_large_image","schema":{"@context":"https:\/\/schema.org","@graph":[{"@type":"WebPage","@id":"https:\/\/lesmoles.com\/fr\/producto\/menu-degustacio-animament-amb-harmonia-de-vins\/","url":"https:\/\/lesmoles.com\/fr\/producto\/menu-degustacio-animament-amb-harmonia-de-vins\/","name":"Men\u00fa degustaci\u00f3 \"\u00c0nimament\" amb harmonia de vins - Les Moles","isPartOf":{"@id":"https:\/\/lesmoles.com\/#website"},"primaryImageOfPage":{"@id":"https:\/\/lesmoles.com\/fr\/producto\/menu-degustacio-animament-amb-harmonia-de-vins\/#primaryimage"},"image":{"@id":"https:\/\/lesmoles.com\/fr\/producto\/menu-degustacio-animament-amb-harmonia-de-vins\/#primaryimage"},"thumbnailUrl":"https:\/\/lesmoles.com\/wp-content\/uploads\/2023\/03\/2023_animament_harmonia.jpg","datePublished":"2023-03-30T07:00:18+00:00","dateModified":"2023-11-25T08:28:58+00:00","breadcrumb":{"@id":"https:\/\/lesmoles.com\/fr\/producto\/menu-degustacio-animament-amb-harmonia-de-vins\/#breadcrumb"},"inLanguage":"fr-FR","potentialAction":[{"@type":"ReadAction","target":["https:\/\/lesmoles.com\/fr\/producto\/menu-degustacio-animament-amb-harmonia-de-vins\/"]}]},{"@type":"ImageObject","inLanguage":"fr-FR","@id":"https:\/\/lesmoles.com\/fr\/producto\/menu-degustacio-animament-amb-harmonia-de-vins\/#primaryimage","url":"https:\/\/lesmoles.com\/wp-content\/uploads\/2023\/03\/2023_animament_harmonia.jpg","contentUrl":"https:\/\/lesmoles.com\/wp-content\/uploads\/2023\/03\/2023_animament_harmonia.jpg","width":567,"height":567},{"@type":"BreadcrumbList","@id":"https:\/\/lesmoles.com\/fr\/producto\/menu-degustacio-animament-amb-harmonia-de-vins\/#breadcrumb","itemListElement":[{"@type":"ListItem","position":1,"name":"Inici","item":"https:\/\/lesmoles.com\/en\/"},{"@type":"ListItem","position":2,"name":"Tienda","item":"https:\/\/lesmoles.com\/tienda\/"},{"@type":"ListItem","position":3,"name":"Men\u00fa degustaci\u00f3 &#8220;\u00c0nimament&#8221; amb harmonia de vins"}]},{"@type":"WebSite","@id":"https:\/\/lesmoles.com\/#website","url":"https:\/\/lesmoles.com\/","name":"Les Moles","description":"Restaurant amb una Estrella Michelin i dos Soles Repsol","publisher":{"@id":"https:\/\/lesmoles.com\/#organization"},"potentialAction":[{"@type":"SearchAction","target":{"@type":"EntryPoint","urlTemplate":"https:\/\/lesmoles.com\/?s={search_term_string}"},"query-input":{"@type":"PropertyValueSpecification","valueRequired":true,"valueName":"search_term_string"}}],"inLanguage":"fr-FR"},{"@type":"Organization","@id":"https:\/\/lesmoles.com\/#organization","name":"Les Moles","url":"https:\/\/lesmoles.com\/","logo":{"@type":"ImageObject","inLanguage":"fr-FR","@id":"https:\/\/lesmoles.com\/#\/schema\/logo\/image\/","url":"https:\/\/lesmoles.com\/wp-content\/uploads\/2021\/12\/cropped-Les-Moles-Restaurant_transparent.png","contentUrl":"https:\/\/lesmoles.com\/wp-content\/uploads\/2021\/12\/cropped-Les-Moles-Restaurant_transparent.png","width":512,"height":512,"caption":"Les Moles"},"image":{"@id":"https:\/\/lesmoles.com\/#\/schema\/logo\/image\/"}}]}},"publishpress_future_action":{"enabled":false,"date":"2026-06-03 17:40:40","action":"change-status","newStatus":"draft","terms":[],"taxonomy":"product_visibility","extraData":[]},"publishpress_future_workflow_manual_trigger":{"enabledWorkflows":[]},"_links":{"self":[{"href":"https:\/\/lesmoles.com\/fr\/wp-json\/wp\/v2\/product\/5455","targetHints":{"allow":["GET"]}}],"collection":[{"href":"https:\/\/lesmoles.com\/fr\/wp-json\/wp\/v2\/product"}],"about":[{"href":"https:\/\/lesmoles.com\/fr\/wp-json\/wp\/v2\/types\/product"}],"replies":[{"embeddable":true,"href":"https:\/\/lesmoles.com\/fr\/wp-json\/wp\/v2\/comments?post=5455"}],"wp:featuredmedia":[{"embeddable":true,"href":"https:\/\/lesmoles.com\/fr\/wp-json\/wp\/v2\/media\/6586"}],"wp:attachment":[{"href":"https:\/\/lesmoles.com\/fr\/wp-json\/wp\/v2\/media?parent=5455"}],"wp:term":[{"taxonomy":"product_brand","embeddable":true,"href":"https:\/\/lesmoles.com\/fr\/wp-json\/wp\/v2\/product_brand?post=5455"},{"taxonomy":"product_cat","embeddable":true,"href":"https:\/\/lesmoles.com\/fr\/wp-json\/wp\/v2\/product_cat?post=5455"},{"taxonomy":"product_tag","embeddable":true,"href":"https:\/\/lesmoles.com\/fr\/wp-json\/wp\/v2\/product_tag?post=5455"}],"curies":[{"name":"wp","href":"https:\/\/api.w.org\/{rel}","templated":true}]}}